{"id":5660,"date":"2014-06-26T12:33:23","date_gmt":"2014-06-26T10:33:23","guid":{"rendered":"https:\/\/www.kinderwunschzentrum-hamburg.de\/diagnosis-in-women\/"},"modified":"2025-01-15T19:26:29","modified_gmt":"2025-01-15T17:26:29","slug":"diagnosis-in-women","status":"publish","type":"page","link":"https:\/\/www.kinderwunschzentrum-hamburg.de\/en\/your-wish-to-have-children\/paths-to-the-desired-child\/diagnosis\/diagnosis-in-women\/","title":{"rendered":"Diagnosis in women"},"content":{"rendered":"<h2>As part of the diagnosis, we analyse various factors including the female cycle and check egg maturation and hormones.<\/h2>\n<p>Ohne Eisprung kann eine Frau nicht schwanger werden. Deshalb f\u00fchren wir ein <strong>Zyklusmonitoring<\/strong> durch, um festzustellen, ob Eireifung und Eisprung regelrecht stattfinden und das Zusammenspiel der Hormone funktioniert. Daf\u00fcr wird an drei festgelegten Terminen w\u00e4hrend Ihres Monatszyklus Blut zur <strong>Hormonkontrolle<\/strong> entnommen. Die \u00dcberwachung des weiblichen Hormonspiegels zeigt, ob zum Beispiel zu viele m\u00e4nnliche Hormone (Androgenisierung) oder eine \u00dcber- beziehungsweise Unterfunktion der Schilddr\u00fcse Ursache daf\u00fcr ist, dass Sie nicht schwanger werden. Beim zweiten Termin des Zyklusmonitorings werden au\u00dferdem eine Ultraschalluntersuchung und mehrere Abstriche gemacht. Mithilfe einer speziellen Ultraschalluntersuchung, der 3D-Volumensonographie, k\u00f6nnen wir beim <strong>Eisprungmonitoring<\/strong> die reifenden Eibl\u00e4schen an beiden Eierst\u00f6cken z\u00e4hlen und messen. Eine <strong>Ultraschalluntersuchung der Geb\u00e4rmutterh\u00f6hle<\/strong> gibt zudem Aufschluss \u00fcber Ver\u00e4nderungen in oder an der Geb\u00e4rmutter oder den Eileitern, eventuelle Fehlbildungen oder andere anatomische Hindernisse wie zum Beispiel Myome, Narben oder Polypen. Die <strong>Eileiterdurchg\u00e4ngigkeit<\/strong> \u00fcberpr\u00fcft Ihr Reproduktionsmediziner mittels einer<strong> 3D-\/4D-Hysterosalpingo-Kontrastsonographie<\/strong>. Diese spezielle Ultraschalluntersuchung zeigt, ob die Eizellen problemlos durch die Eileiter in die Geb\u00e4rmutter gelangen k\u00f6nnen, und ersetzt die operative Bauch- beziehungsweise Geb\u00e4rmutterspiegelung, die eine Narkose erforderlich macht. In besonderen F\u00e4llen kann auch eine <strong>Schadstoffbelastungsanalyse<\/strong> oder ein <strong>Haushaltsscreening der Spurenelemente<\/strong> durchgef\u00fchrt werden, die Hinweise auf Gr\u00fcnde f\u00fcr den unerf\u00fcllten Kinderwunsch geben k\u00f6nnen.    <\/p>\n","protected":false},"excerpt":{"rendered":"<p>As part of the diagnosis, we analyse various factors including the female cycle and check egg maturation and hormones. Ohne Eisprung kann eine Frau nicht schwanger werden. Deshalb f\u00fchren wir ein Zyklusmonitoring durch, um festzustellen, ob Eireifung und Eisprung regelrecht stattfinden und das Zusammenspiel der Hormone funktioniert. Daf\u00fcr wird an drei festgelegten Terminen w\u00e4hrend Ihres [&hellip;]<\/p>\n","protected":false},"author":6,"featured_media":0,"parent":5667,"menu_order":0,"comment_status":"open","ping_status":"open","template":"","meta":{"_acf_changed":false,"inline_featured_image":false,"footnotes":""},"class_list":["post-5660","page","type-page","status-publish","hentry"],"acf":[],"yoast_head":"<!-- This site is optimized with the Yoast SEO plugin v24.0 - https:\/\/yoast.com\/wordpress\/plugins\/seo\/ -->\n<title>Diagnosis in women - Kinderwunschzentrum Hamburg Fleetinsel | Hamburg, Kinderwunsch, k\u00fcnstliche Befruchtung, ICSI, Endometriose, Reproduktionsmedizin, IVF, Insemination, Kinderlosigkeit, Fertilisation, Wunschkind, kinderwunschzentrum, babywunsch, Refertilisierung, Spermabank, fertilitycenter<\/title>\n<meta name=\"robots\" content=\"index, follow, max-snippet:-1, max-image-preview:large, max-video-preview:-1\" \/>\n<link rel=\"canonical\" href=\"https:\/\/www.kinderwunschzentrum-hamburg.de\/en\/your-wish-to-have-children\/paths-to-the-desired-child\/diagnosis\/diagnosis-in-women\/\" \/>\n<meta property=\"og:locale\" content=\"en_US\" \/>\n<meta property=\"og:type\" content=\"article\" \/>\n<meta property=\"og:title\" content=\"Diagnosis in women - Kinderwunschzentrum Hamburg Fleetinsel | Hamburg, Kinderwunsch, k\u00fcnstliche Befruchtung, ICSI, Endometriose, Reproduktionsmedizin, IVF, Insemination, Kinderlosigkeit, Fertilisation, Wunschkind, kinderwunschzentrum, babywunsch, Refertilisierung, Spermabank, fertilitycenter\" \/>\n<meta property=\"og:description\" content=\"As part of the diagnosis, we analyse various factors including the female cycle and check egg maturation and hormones. Ohne Eisprung kann eine Frau nicht schwanger werden. Deshalb f\u00fchren wir ein Zyklusmonitoring durch, um festzustellen, ob Eireifung und Eisprung regelrecht stattfinden und das Zusammenspiel der Hormone funktioniert. Daf\u00fcr wird an drei festgelegten Terminen w\u00e4hrend Ihres [&hellip;]\" \/>\n<meta property=\"og:url\" content=\"https:\/\/www.kinderwunschzentrum-hamburg.de\/en\/your-wish-to-have-children\/paths-to-the-desired-child\/diagnosis\/diagnosis-in-women\/\" \/>\n<meta property=\"og:site_name\" content=\"Kinderwunschzentrum Hamburg Fleetinsel | Hamburg, Kinderwunsch, k\u00fcnstliche Befruchtung, ICSI, Endometriose, Reproduktionsmedizin, IVF, Insemination, Kinderlosigkeit, Fertilisation, Wunschkind, kinderwunschzentrum, babywunsch, Refertilisierung, Spermabank, fertilitycenter\" \/>\n<meta property=\"article:modified_time\" content=\"2025-01-15T17:26:29+00:00\" \/>\n<meta name=\"twitter:card\" content=\"summary_large_image\" \/>\n<meta name=\"twitter:label1\" content=\"Est. reading time\" \/>\n\t<meta name=\"twitter:data1\" content=\"2 minutes\" \/>\n<script type=\"application\/ld+json\" class=\"yoast-schema-graph\">{\"@context\":\"https:\/\/schema.org\",\"@graph\":[{\"@type\":\"WebPage\",\"@id\":\"https:\/\/www.kinderwunschzentrum-hamburg.de\/en\/your-wish-to-have-children\/paths-to-the-desired-child\/diagnosis\/diagnosis-in-women\/\",\"url\":\"https:\/\/www.kinderwunschzentrum-hamburg.de\/en\/your-wish-to-have-children\/paths-to-the-desired-child\/diagnosis\/diagnosis-in-women\/\",\"name\":\"Diagnosis in women - Kinderwunschzentrum Hamburg Fleetinsel | Hamburg, Kinderwunsch, k\u00fcnstliche Befruchtung, ICSI, Endometriose, Reproduktionsmedizin, IVF, Insemination, Kinderlosigkeit, Fertilisation, Wunschkind, kinderwunschzentrum, babywunsch, Refertilisierung, Spermabank, fertilitycenter\",\"isPartOf\":{\"@id\":\"https:\/\/www.kinderwunschzentrum-hamburg.de\/en\/#website\"},\"datePublished\":\"2014-06-26T10:33:23+00:00\",\"dateModified\":\"2025-01-15T17:26:29+00:00\",\"breadcrumb\":{\"@id\":\"https:\/\/www.kinderwunschzentrum-hamburg.de\/en\/your-wish-to-have-children\/paths-to-the-desired-child\/diagnosis\/diagnosis-in-women\/#breadcrumb\"},\"inLanguage\":\"en-US\",\"potentialAction\":[{\"@type\":\"ReadAction\",\"target\":[\"https:\/\/www.kinderwunschzentrum-hamburg.de\/en\/your-wish-to-have-children\/paths-to-the-desired-child\/diagnosis\/diagnosis-in-women\/\"]}]},{\"@type\":\"BreadcrumbList\",\"@id\":\"https:\/\/www.kinderwunschzentrum-hamburg.de\/en\/your-wish-to-have-children\/paths-to-the-desired-child\/diagnosis\/diagnosis-in-women\/#breadcrumb\",\"itemListElement\":[{\"@type\":\"ListItem\",\"position\":1,\"name\":\"Startseite\",\"item\":\"https:\/\/www.kinderwunschzentrum-hamburg.de\/en\/\"},{\"@type\":\"ListItem\",\"position\":2,\"name\":\"Your wish to have children\",\"item\":\"https:\/\/www.kinderwunschzentrum-hamburg.de\/en\/your-wish-to-have-children\/\"},{\"@type\":\"ListItem\",\"position\":3,\"name\":\"Paths to the desired child\",\"item\":\"https:\/\/www.kinderwunschzentrum-hamburg.de\/en\/your-wish-to-have-children\/paths-to-the-desired-child\/\"},{\"@type\":\"ListItem\",\"position\":4,\"name\":\"Diagnosis\",\"item\":\"https:\/\/www.kinderwunschzentrum-hamburg.de\/en\/your-wish-to-have-children\/paths-to-the-desired-child\/diagnosis\/\"},{\"@type\":\"ListItem\",\"position\":5,\"name\":\"Diagnosis in women\"}]},{\"@type\":\"WebSite\",\"@id\":\"https:\/\/www.kinderwunschzentrum-hamburg.de\/en\/#website\",\"url\":\"https:\/\/www.kinderwunschzentrum-hamburg.de\/en\/\",\"name\":\"Kinderwunschzentrum Hamburg Fleetinsel | Hamburg, Kinderwunsch, k\u00fcnstliche Befruchtung, ICSI, Endometriose, Reproduktionsmedizin, IVF, Insemination, Kinderlosigkeit, Fertilisation, Wunschkind, kinderwunschzentrum, babywunsch, Refertilisierung, Spermabank, fertilitycenter\",\"description\":\"Eine weitere WordPress-Seite\",\"potentialAction\":[{\"@type\":\"SearchAction\",\"target\":{\"@type\":\"EntryPoint\",\"urlTemplate\":\"https:\/\/www.kinderwunschzentrum-hamburg.de\/en\/?s={search_term_string}\"},\"query-input\":{\"@type\":\"PropertyValueSpecification\",\"valueRequired\":true,\"valueName\":\"search_term_string\"}}],\"inLanguage\":\"en-US\"}]}<\/script>\n<!-- \/ Yoast SEO plugin. -->","yoast_head_json":{"title":"Diagnosis in women - Kinderwunschzentrum Hamburg Fleetinsel | Hamburg, Kinderwunsch, k\u00fcnstliche Befruchtung, ICSI, Endometriose, Reproduktionsmedizin, IVF, Insemination, Kinderlosigkeit, Fertilisation, Wunschkind, kinderwunschzentrum, babywunsch, Refertilisierung, Spermabank, fertilitycenter","robots":{"index":"index","follow":"follow","max-snippet":"max-snippet:-1","max-image-preview":"max-image-preview:large","max-video-preview":"max-video-preview:-1"},"canonical":"https:\/\/www.kinderwunschzentrum-hamburg.de\/en\/your-wish-to-have-children\/paths-to-the-desired-child\/diagnosis\/diagnosis-in-women\/","og_locale":"en_US","og_type":"article","og_title":"Diagnosis in women - Kinderwunschzentrum Hamburg Fleetinsel | Hamburg, Kinderwunsch, k\u00fcnstliche Befruchtung, ICSI, Endometriose, Reproduktionsmedizin, IVF, Insemination, Kinderlosigkeit, Fertilisation, Wunschkind, kinderwunschzentrum, babywunsch, Refertilisierung, Spermabank, fertilitycenter","og_description":"As part of the diagnosis, we analyse various factors including the female cycle and check egg maturation and hormones. Ohne Eisprung kann eine Frau nicht schwanger werden. Deshalb f\u00fchren wir ein Zyklusmonitoring durch, um festzustellen, ob Eireifung und Eisprung regelrecht stattfinden und das Zusammenspiel der Hormone funktioniert. Daf\u00fcr wird an drei festgelegten Terminen w\u00e4hrend Ihres [&hellip;]","og_url":"https:\/\/www.kinderwunschzentrum-hamburg.de\/en\/your-wish-to-have-children\/paths-to-the-desired-child\/diagnosis\/diagnosis-in-women\/","og_site_name":"Kinderwunschzentrum Hamburg Fleetinsel | Hamburg, Kinderwunsch, k\u00fcnstliche Befruchtung, ICSI, Endometriose, Reproduktionsmedizin, IVF, Insemination, Kinderlosigkeit, Fertilisation, Wunschkind, kinderwunschzentrum, babywunsch, Refertilisierung, Spermabank, fertilitycenter","article_modified_time":"2025-01-15T17:26:29+00:00","twitter_card":"summary_large_image","twitter_misc":{"Est. reading time":"2 minutes"},"schema":{"@context":"https:\/\/schema.org","@graph":[{"@type":"WebPage","@id":"https:\/\/www.kinderwunschzentrum-hamburg.de\/en\/your-wish-to-have-children\/paths-to-the-desired-child\/diagnosis\/diagnosis-in-women\/","url":"https:\/\/www.kinderwunschzentrum-hamburg.de\/en\/your-wish-to-have-children\/paths-to-the-desired-child\/diagnosis\/diagnosis-in-women\/","name":"Diagnosis in women - Kinderwunschzentrum Hamburg Fleetinsel | Hamburg, Kinderwunsch, k\u00fcnstliche Befruchtung, ICSI, Endometriose, Reproduktionsmedizin, IVF, Insemination, Kinderlosigkeit, Fertilisation, Wunschkind, kinderwunschzentrum, babywunsch, Refertilisierung, Spermabank, fertilitycenter","isPartOf":{"@id":"https:\/\/www.kinderwunschzentrum-hamburg.de\/en\/#website"},"datePublished":"2014-06-26T10:33:23+00:00","dateModified":"2025-01-15T17:26:29+00:00","breadcrumb":{"@id":"https:\/\/www.kinderwunschzentrum-hamburg.de\/en\/your-wish-to-have-children\/paths-to-the-desired-child\/diagnosis\/diagnosis-in-women\/#breadcrumb"},"inLanguage":"en-US","potentialAction":[{"@type":"ReadAction","target":["https:\/\/www.kinderwunschzentrum-hamburg.de\/en\/your-wish-to-have-children\/paths-to-the-desired-child\/diagnosis\/diagnosis-in-women\/"]}]},{"@type":"BreadcrumbList","@id":"https:\/\/www.kinderwunschzentrum-hamburg.de\/en\/your-wish-to-have-children\/paths-to-the-desired-child\/diagnosis\/diagnosis-in-women\/#breadcrumb","itemListElement":[{"@type":"ListItem","position":1,"name":"Startseite","item":"https:\/\/www.kinderwunschzentrum-hamburg.de\/en\/"},{"@type":"ListItem","position":2,"name":"Your wish to have children","item":"https:\/\/www.kinderwunschzentrum-hamburg.de\/en\/your-wish-to-have-children\/"},{"@type":"ListItem","position":3,"name":"Paths to the desired child","item":"https:\/\/www.kinderwunschzentrum-hamburg.de\/en\/your-wish-to-have-children\/paths-to-the-desired-child\/"},{"@type":"ListItem","position":4,"name":"Diagnosis","item":"https:\/\/www.kinderwunschzentrum-hamburg.de\/en\/your-wish-to-have-children\/paths-to-the-desired-child\/diagnosis\/"},{"@type":"ListItem","position":5,"name":"Diagnosis in women"}]},{"@type":"WebSite","@id":"https:\/\/www.kinderwunschzentrum-hamburg.de\/en\/#website","url":"https:\/\/www.kinderwunschzentrum-hamburg.de\/en\/","name":"Kinderwunschzentrum Hamburg Fleetinsel | Hamburg, Kinderwunsch, k\u00fcnstliche Befruchtung, ICSI, Endometriose, Reproduktionsmedizin, IVF, Insemination, Kinderlosigkeit, Fertilisation, Wunschkind, kinderwunschzentrum, babywunsch, Refertilisierung, Spermabank, fertilitycenter","description":"Eine weitere WordPress-Seite","potentialAction":[{"@type":"SearchAction","target":{"@type":"EntryPoint","urlTemplate":"https:\/\/www.kinderwunschzentrum-hamburg.de\/en\/?s={search_term_string}"},"query-input":{"@type":"PropertyValueSpecification","valueRequired":true,"valueName":"search_term_string"}}],"inLanguage":"en-US"}]}},"_links":{"self":[{"href":"https:\/\/www.kinderwunschzentrum-hamburg.de\/en\/wp-json\/wp\/v2\/pages\/5660","targetHints":{"allow":["GET"]}}],"collection":[{"href":"https:\/\/www.kinderwunschzentrum-hamburg.de\/en\/wp-json\/wp\/v2\/pages"}],"about":[{"href":"https:\/\/www.kinderwunschzentrum-hamburg.de\/en\/wp-json\/wp\/v2\/types\/page"}],"author":[{"embeddable":true,"href":"https:\/\/www.kinderwunschzentrum-hamburg.de\/en\/wp-json\/wp\/v2\/users\/6"}],"replies":[{"embeddable":true,"href":"https:\/\/www.kinderwunschzentrum-hamburg.de\/en\/wp-json\/wp\/v2\/comments?post=5660"}],"version-history":[{"count":6,"href":"https:\/\/www.kinderwunschzentrum-hamburg.de\/en\/wp-json\/wp\/v2\/pages\/5660\/revisions"}],"predecessor-version":[{"id":6300,"href":"https:\/\/www.kinderwunschzentrum-hamburg.de\/en\/wp-json\/wp\/v2\/pages\/5660\/revisions\/6300"}],"up":[{"embeddable":true,"href":"https:\/\/www.kinderwunschzentrum-hamburg.de\/en\/wp-json\/wp\/v2\/pages\/5667"}],"wp:attachment":[{"href":"https:\/\/www.kinderwunschzentrum-hamburg.de\/en\/wp-json\/wp\/v2\/media?parent=5660"}],"curies":[{"name":"wp","href":"https:\/\/api.w.org\/{rel}","templated":true}]}}