{"id":5813,"date":"2014-06-26T13:11:33","date_gmt":"2014-06-26T11:11:33","guid":{"rendered":"https:\/\/www.kinderwunschzentrum-hamburg.de\/your-wish-to-have-children\/paths-to-the-desired-child\/treatment\/in-vitro-fertilisation-ivf\/"},"modified":"2025-01-15T19:41:12","modified_gmt":"2025-01-15T17:41:12","slug":"in-vitro-fertilisation-ivf","status":"publish","type":"page","link":"https:\/\/www.kinderwunschzentrum-hamburg.de\/en\/your-wish-to-have-children\/paths-to-the-desired-child\/treatment\/in-vitro-fertilisation-ivf\/","title":{"rendered":"In-vitro Fertilisation (IVF)"},"content":{"rendered":"<h2>In-Vitro Fertilisation \u2013 also known as test tube fertilisation \u2013 has proven to be particularly effective in cases of slightly reduced sperm quality in men and impaired fallopian tube function in women.<\/h2>\n<p>During In-Vitro Fertilisation, female egg cells and male sperm cells are combined outside the body in the laboratory and fertilised. Intracytoplasmic Sperm Injection (ICSI) is an advanced method of IVF in which a selected sperm cell is injected directly into the retrieved egg under a microscope. Both fertility treatments consist of the following treatment steps:<\/p>\n<p class=\"sansserif\"><b>SCHRITT 1: VORBEREITUNG DES K\u00d6RPERS<\/b><\/p>\n<p>Wenn Sie sich f\u00fcr IVF oder ICSI entschieden haben, f\u00fchren wir zun\u00e4chst eine Stimulation der Eierst\u00f6cke durch. Damit die Eibl\u00e4schen optimal heranwachsen und reifen, stimulieren wir sie mit niedrig dosierten Hormongaben und \u00fcberwachen genauestens ihre Entwicklung. Daf\u00fcr wird an festgelegten Terminen Blut zur Hormonkontrolle abgenommen. Au\u00dferdem verfolgen wir mittels 3D-Ultraschall, wie sich die Eibl\u00e4schen entwickeln, um den Zeitpunkt des Eisprungs perfekt bestimmen zu k\u00f6nnen.   <\/p>\n<p class=\"sansserif\"><b>SCHRITT 2: ENTNAHME DER EIZELLEN<\/b><\/p>\n<p>Sind die Eibl\u00e4schen reif, wird der Eisprung eingeleitet. 36 Stunden danach entnimmt Ihr Reproduktionsmediziner mithilfe einer feinen Nadel Eizellen aus den Eibl\u00e4schen (Follikel). Die sogenannte Follikelpunktion findet am Tag der IVF- oder ICSI-Behandlung statt und dauert nur wenige Minuten. Sie wird \u00fcber die Scheide durchgef\u00fchrt und am Ultraschallger\u00e4t verfolgt. Der Eingriff erfolgt unter einer kurzen Vollnarkose.    <\/p>\n<p class=\"sansserif\"><b>SCHRITT 3: ABGABE DES EJAKULATS UND AUFBEREITUNG DER SAMENZELLEN<\/b><\/p>\n<p>Am Tag der Eizellenentnahme und der geplanten IVF- oder ICSI-Behandlung wird auch das Sperma des Mannes ben\u00f6tigt (in speziellen F\u00e4llen greifen wir auf tiefgefrorenes Keimmaterial zur\u00fcck). Bevor Eizelle und Samenzelle zusammen gebracht werden, bereiten wir das Sperma in einem speziellen Verfahren auf \u2013 so l\u00e4sst sich die Befruchtungsf\u00e4higkeit der Samenzellen deutlich verbessern. In unserer Praxisklinik haben wir einen Raum f\u00fcr die <strong>Abgabe des Spermas<\/strong>. Der letzte Samenerguss sollte nicht l\u00e4nger als drei bis f\u00fcnf Tage zur\u00fcckliegen. Wenn Ihnen die Masturbation \u201eauf Knopfdruck\u201c in unserer Praxisklinik Kopfzerbrechen macht, sprechen Sie uns an. Sie entscheiden, ob Sie das Sperma zu Hause, im Hotelzimmer oder in der Praxisklinik gewinnen. F\u00fcr den Erfolg der Therapie ist es nur wichtig, dass das Sperma innerhalb von einer Stunde nach Gewinnung an die Praxisklinik \u00fcbergeben und w\u00e4hrend des Transports vor Ausk\u00fchlung oder \u00dcberhitzung gesch\u00fctzt wird. Probengef\u00e4\u00dfe halten wir f\u00fcr Sie bereit. <\/p>\n<p class=\"sansserif\"><b>SCHRITT 4: VERSCHMELZUNG VON EIZELLEN UND SAMEN<\/b><\/p>\n<p>Die entnommenen Eizellen der Frau werden mit den Samenzellen des Mannes in unserem Reproduktionsbiologischen Labor im Reagenzsch\u00e4lchen zusammengebracht mit dem Ziel, die Eizellen zu befruchten. Im Falle einer Intrazytoplasmatischen Spermiuminjektion injiziert der Reproduktionsbiologe eine ausgew\u00e4hlte Samenzelle mit einer feinen Nadel direkt in eine der entnommenen reifen Eizellen. Ist die Befruchtung erfolgreich, lassen sich 16 bis 20 Stunden sp\u00e4ter unter dem Mikroskop sogenannte Vorkernstadien nachweisen. Maximal drei dieser Vorkernstadien werden f\u00fcr den sp\u00e4teren Embryonentransfer kultiviert. Etwa sechs bis zw\u00f6lf Stunden nach dem Auftreten der Vorkerne erfolgen die ersten Zellteilungen \u2013 und Embryonen beginnen zu wachsen. \u00dcbrig bleibende Vorkernstadien k\u00f6nnen auf Wunsch des Kinderwunschpaares kryokonserviert und f\u00fcr weitere Behandlungen zu einem sp\u00e4teren Zeitpunkt bei Tiefsttemperaturen aufbewahrt werden. <\/p>\n<p class=\"sansserif\"><b>SCHRITT 5: EINSETZEN DER EMBRYONEN IN DIE GEB\u00c4RMUTTERH\u00d6HLE<\/b><\/p>\n<p>Etwa zwei bis drei Tage nach ihrer Befruchtung werden die Embryonen mithilfe eines d\u00fcnnen, biegsamen Katheters vorsichtig durch die Scheide und den Geb\u00e4rmutterhals in die Geb\u00e4rmutterh\u00f6hle gesetzt. Der Embryonentransfer dauert meist nicht l\u00e4nger als 20 Minuten, ist nahezu schmerzfrei und kann ohne Bet\u00e4ubungsmittel durchgef\u00fchrt werden. Danach \u00fcbernimmt Ihr K\u00f6rper wieder das Kommando und der Embryo oder die Embryonen nisten sich (bei Erfolg) auf nat\u00fcrliche Weise in der Geb\u00e4rmutter ein.  <\/p>\n<p class=\"sansserif\"><b>SCHRITT 6: ERFOLGSKONTROLLE<\/b><\/p>\n<p>Ob Sie schwanger geworden sind, l\u00e4sst sich etwa zwei Wochen nach dem Embryotransfer feststellen. Daf\u00fcr kontrollieren wir das Schwangerschaftshormon hCG (humanes Choriongonadotropin) in Ihrem Blut. Vier Wochen sp\u00e4ter ist es m\u00f6glich, die Entwicklung des Embryos im 3D-\/4D-Ultraschall genauer zu untersuchen. Hierzu f\u00fchren wir ein <strong>very early pregnancy screening<\/strong> durch. Zugleich empfehlen wir Ihnen jeweils eine 3D-\/4D-Ultraschalluntersuchung in der sechsten bis siebten und in der neunten Schwangerschaftswoche. Danach \u00fcbergeben wir Sie an Ihre Gyn\u00e4kologin oder Ihren Gyn\u00e4kologen.     <\/p>\n","protected":false},"excerpt":{"rendered":"<p>In-Vitro Fertilisation \u2013 also known as test tube fertilisation \u2013 has proven to be particularly effective in cases of slightly reduced sperm quality in men and impaired fallopian tube function in women. During In-Vitro Fertilisation, female egg cells and male sperm cells are combined outside the body in the laboratory and fertilised. Intracytoplasmic Sperm Injection [&hellip;]<\/p>\n","protected":false},"author":6,"featured_media":0,"parent":5562,"menu_order":0,"comment_status":"open","ping_status":"open","template":"","meta":{"_acf_changed":false,"inline_featured_image":false,"footnotes":""},"class_list":["post-5813","page","type-page","status-publish","hentry"],"acf":[],"yoast_head":"<!-- This site is optimized with the Yoast SEO plugin v24.0 - https:\/\/yoast.com\/wordpress\/plugins\/seo\/ -->\n<title>In-vitro Fertilisation (IVF) - Kinderwunschzentrum Hamburg Fleetinsel | Hamburg, Kinderwunsch, k\u00fcnstliche Befruchtung, ICSI, Endometriose, Reproduktionsmedizin, IVF, Insemination, Kinderlosigkeit, Fertilisation, Wunschkind, kinderwunschzentrum, babywunsch, Refertilisierung, Spermabank, fertilitycenter<\/title>\n<meta name=\"robots\" content=\"index, follow, max-snippet:-1, max-image-preview:large, max-video-preview:-1\" \/>\n<link rel=\"canonical\" href=\"https:\/\/www.kinderwunschzentrum-hamburg.de\/en\/your-wish-to-have-children\/paths-to-the-desired-child\/treatment\/in-vitro-fertilisation-ivf\/\" \/>\n<meta property=\"og:locale\" content=\"en_US\" \/>\n<meta property=\"og:type\" content=\"article\" \/>\n<meta property=\"og:title\" content=\"In-vitro Fertilisation (IVF) - Kinderwunschzentrum Hamburg Fleetinsel | Hamburg, Kinderwunsch, k\u00fcnstliche Befruchtung, ICSI, Endometriose, Reproduktionsmedizin, IVF, Insemination, Kinderlosigkeit, Fertilisation, Wunschkind, kinderwunschzentrum, babywunsch, Refertilisierung, Spermabank, fertilitycenter\" \/>\n<meta property=\"og:description\" content=\"In-Vitro Fertilisation \u2013 also known as test tube fertilisation \u2013 has proven to be particularly effective in cases of slightly reduced sperm quality in men and impaired fallopian tube function in women. During In-Vitro Fertilisation, female egg cells and male sperm cells are combined outside the body in the laboratory and fertilised. Intracytoplasmic Sperm Injection [&hellip;]\" \/>\n<meta property=\"og:url\" content=\"https:\/\/www.kinderwunschzentrum-hamburg.de\/en\/your-wish-to-have-children\/paths-to-the-desired-child\/treatment\/in-vitro-fertilisation-ivf\/\" \/>\n<meta property=\"og:site_name\" content=\"Kinderwunschzentrum Hamburg Fleetinsel | Hamburg, Kinderwunsch, k\u00fcnstliche Befruchtung, ICSI, Endometriose, Reproduktionsmedizin, IVF, Insemination, Kinderlosigkeit, Fertilisation, Wunschkind, kinderwunschzentrum, babywunsch, Refertilisierung, Spermabank, fertilitycenter\" \/>\n<meta property=\"article:modified_time\" content=\"2025-01-15T17:41:12+00:00\" \/>\n<meta name=\"twitter:card\" content=\"summary_large_image\" \/>\n<meta name=\"twitter:label1\" content=\"Est. reading time\" \/>\n\t<meta name=\"twitter:data1\" content=\"4 minutes\" \/>\n<script type=\"application\/ld+json\" class=\"yoast-schema-graph\">{\"@context\":\"https:\/\/schema.org\",\"@graph\":[{\"@type\":\"WebPage\",\"@id\":\"https:\/\/www.kinderwunschzentrum-hamburg.de\/en\/your-wish-to-have-children\/paths-to-the-desired-child\/treatment\/in-vitro-fertilisation-ivf\/\",\"url\":\"https:\/\/www.kinderwunschzentrum-hamburg.de\/en\/your-wish-to-have-children\/paths-to-the-desired-child\/treatment\/in-vitro-fertilisation-ivf\/\",\"name\":\"In-vitro Fertilisation (IVF) - Kinderwunschzentrum Hamburg Fleetinsel | Hamburg, Kinderwunsch, k\u00fcnstliche Befruchtung, ICSI, Endometriose, Reproduktionsmedizin, IVF, Insemination, Kinderlosigkeit, Fertilisation, Wunschkind, kinderwunschzentrum, babywunsch, Refertilisierung, Spermabank, fertilitycenter\",\"isPartOf\":{\"@id\":\"https:\/\/www.kinderwunschzentrum-hamburg.de\/en\/#website\"},\"datePublished\":\"2014-06-26T11:11:33+00:00\",\"dateModified\":\"2025-01-15T17:41:12+00:00\",\"breadcrumb\":{\"@id\":\"https:\/\/www.kinderwunschzentrum-hamburg.de\/en\/your-wish-to-have-children\/paths-to-the-desired-child\/treatment\/in-vitro-fertilisation-ivf\/#breadcrumb\"},\"inLanguage\":\"en-US\",\"potentialAction\":[{\"@type\":\"ReadAction\",\"target\":[\"https:\/\/www.kinderwunschzentrum-hamburg.de\/en\/your-wish-to-have-children\/paths-to-the-desired-child\/treatment\/in-vitro-fertilisation-ivf\/\"]}]},{\"@type\":\"BreadcrumbList\",\"@id\":\"https:\/\/www.kinderwunschzentrum-hamburg.de\/en\/your-wish-to-have-children\/paths-to-the-desired-child\/treatment\/in-vitro-fertilisation-ivf\/#breadcrumb\",\"itemListElement\":[{\"@type\":\"ListItem\",\"position\":1,\"name\":\"Startseite\",\"item\":\"https:\/\/www.kinderwunschzentrum-hamburg.de\/en\/\"},{\"@type\":\"ListItem\",\"position\":2,\"name\":\"Your wish to have children\",\"item\":\"https:\/\/www.kinderwunschzentrum-hamburg.de\/en\/your-wish-to-have-children\/\"},{\"@type\":\"ListItem\",\"position\":3,\"name\":\"Paths to the desired child\",\"item\":\"https:\/\/www.kinderwunschzentrum-hamburg.de\/en\/your-wish-to-have-children\/paths-to-the-desired-child\/\"},{\"@type\":\"ListItem\",\"position\":4,\"name\":\"TREATMENT\",\"item\":\"https:\/\/www.kinderwunschzentrum-hamburg.de\/en\/your-wish-to-have-children\/paths-to-the-desired-child\/treatment\/\"},{\"@type\":\"ListItem\",\"position\":5,\"name\":\"In-vitro Fertilisation (IVF)\"}]},{\"@type\":\"WebSite\",\"@id\":\"https:\/\/www.kinderwunschzentrum-hamburg.de\/en\/#website\",\"url\":\"https:\/\/www.kinderwunschzentrum-hamburg.de\/en\/\",\"name\":\"Kinderwunschzentrum Hamburg Fleetinsel | Hamburg, Kinderwunsch, k\u00fcnstliche Befruchtung, ICSI, Endometriose, Reproduktionsmedizin, IVF, Insemination, Kinderlosigkeit, Fertilisation, Wunschkind, kinderwunschzentrum, babywunsch, Refertilisierung, Spermabank, fertilitycenter\",\"description\":\"Eine weitere WordPress-Seite\",\"potentialAction\":[{\"@type\":\"SearchAction\",\"target\":{\"@type\":\"EntryPoint\",\"urlTemplate\":\"https:\/\/www.kinderwunschzentrum-hamburg.de\/en\/?s={search_term_string}\"},\"query-input\":{\"@type\":\"PropertyValueSpecification\",\"valueRequired\":true,\"valueName\":\"search_term_string\"}}],\"inLanguage\":\"en-US\"}]}<\/script>\n<!-- \/ Yoast SEO plugin. -->","yoast_head_json":{"title":"In-vitro Fertilisation (IVF) - Kinderwunschzentrum Hamburg Fleetinsel | Hamburg, Kinderwunsch, k\u00fcnstliche Befruchtung, ICSI, Endometriose, Reproduktionsmedizin, IVF, Insemination, Kinderlosigkeit, Fertilisation, Wunschkind, kinderwunschzentrum, babywunsch, Refertilisierung, Spermabank, fertilitycenter","robots":{"index":"index","follow":"follow","max-snippet":"max-snippet:-1","max-image-preview":"max-image-preview:large","max-video-preview":"max-video-preview:-1"},"canonical":"https:\/\/www.kinderwunschzentrum-hamburg.de\/en\/your-wish-to-have-children\/paths-to-the-desired-child\/treatment\/in-vitro-fertilisation-ivf\/","og_locale":"en_US","og_type":"article","og_title":"In-vitro Fertilisation (IVF) - Kinderwunschzentrum Hamburg Fleetinsel | Hamburg, Kinderwunsch, k\u00fcnstliche Befruchtung, ICSI, Endometriose, Reproduktionsmedizin, IVF, Insemination, Kinderlosigkeit, Fertilisation, Wunschkind, kinderwunschzentrum, babywunsch, Refertilisierung, Spermabank, fertilitycenter","og_description":"In-Vitro Fertilisation \u2013 also known as test tube fertilisation \u2013 has proven to be particularly effective in cases of slightly reduced sperm quality in men and impaired fallopian tube function in women. During In-Vitro Fertilisation, female egg cells and male sperm cells are combined outside the body in the laboratory and fertilised. Intracytoplasmic Sperm Injection [&hellip;]","og_url":"https:\/\/www.kinderwunschzentrum-hamburg.de\/en\/your-wish-to-have-children\/paths-to-the-desired-child\/treatment\/in-vitro-fertilisation-ivf\/","og_site_name":"Kinderwunschzentrum Hamburg Fleetinsel | Hamburg, Kinderwunsch, k\u00fcnstliche Befruchtung, ICSI, Endometriose, Reproduktionsmedizin, IVF, Insemination, Kinderlosigkeit, Fertilisation, Wunschkind, kinderwunschzentrum, babywunsch, Refertilisierung, Spermabank, fertilitycenter","article_modified_time":"2025-01-15T17:41:12+00:00","twitter_card":"summary_large_image","twitter_misc":{"Est. reading time":"4 minutes"},"schema":{"@context":"https:\/\/schema.org","@graph":[{"@type":"WebPage","@id":"https:\/\/www.kinderwunschzentrum-hamburg.de\/en\/your-wish-to-have-children\/paths-to-the-desired-child\/treatment\/in-vitro-fertilisation-ivf\/","url":"https:\/\/www.kinderwunschzentrum-hamburg.de\/en\/your-wish-to-have-children\/paths-to-the-desired-child\/treatment\/in-vitro-fertilisation-ivf\/","name":"In-vitro Fertilisation (IVF) - Kinderwunschzentrum Hamburg Fleetinsel | Hamburg, Kinderwunsch, k\u00fcnstliche Befruchtung, ICSI, Endometriose, Reproduktionsmedizin, IVF, Insemination, Kinderlosigkeit, Fertilisation, Wunschkind, kinderwunschzentrum, babywunsch, Refertilisierung, Spermabank, fertilitycenter","isPartOf":{"@id":"https:\/\/www.kinderwunschzentrum-hamburg.de\/en\/#website"},"datePublished":"2014-06-26T11:11:33+00:00","dateModified":"2025-01-15T17:41:12+00:00","breadcrumb":{"@id":"https:\/\/www.kinderwunschzentrum-hamburg.de\/en\/your-wish-to-have-children\/paths-to-the-desired-child\/treatment\/in-vitro-fertilisation-ivf\/#breadcrumb"},"inLanguage":"en-US","potentialAction":[{"@type":"ReadAction","target":["https:\/\/www.kinderwunschzentrum-hamburg.de\/en\/your-wish-to-have-children\/paths-to-the-desired-child\/treatment\/in-vitro-fertilisation-ivf\/"]}]},{"@type":"BreadcrumbList","@id":"https:\/\/www.kinderwunschzentrum-hamburg.de\/en\/your-wish-to-have-children\/paths-to-the-desired-child\/treatment\/in-vitro-fertilisation-ivf\/#breadcrumb","itemListElement":[{"@type":"ListItem","position":1,"name":"Startseite","item":"https:\/\/www.kinderwunschzentrum-hamburg.de\/en\/"},{"@type":"ListItem","position":2,"name":"Your wish to have children","item":"https:\/\/www.kinderwunschzentrum-hamburg.de\/en\/your-wish-to-have-children\/"},{"@type":"ListItem","position":3,"name":"Paths to the desired child","item":"https:\/\/www.kinderwunschzentrum-hamburg.de\/en\/your-wish-to-have-children\/paths-to-the-desired-child\/"},{"@type":"ListItem","position":4,"name":"TREATMENT","item":"https:\/\/www.kinderwunschzentrum-hamburg.de\/en\/your-wish-to-have-children\/paths-to-the-desired-child\/treatment\/"},{"@type":"ListItem","position":5,"name":"In-vitro Fertilisation (IVF)"}]},{"@type":"WebSite","@id":"https:\/\/www.kinderwunschzentrum-hamburg.de\/en\/#website","url":"https:\/\/www.kinderwunschzentrum-hamburg.de\/en\/","name":"Kinderwunschzentrum Hamburg Fleetinsel | Hamburg, Kinderwunsch, k\u00fcnstliche Befruchtung, ICSI, Endometriose, Reproduktionsmedizin, IVF, Insemination, Kinderlosigkeit, Fertilisation, Wunschkind, kinderwunschzentrum, babywunsch, Refertilisierung, Spermabank, fertilitycenter","description":"Eine weitere WordPress-Seite","potentialAction":[{"@type":"SearchAction","target":{"@type":"EntryPoint","urlTemplate":"https:\/\/www.kinderwunschzentrum-hamburg.de\/en\/?s={search_term_string}"},"query-input":{"@type":"PropertyValueSpecification","valueRequired":true,"valueName":"search_term_string"}}],"inLanguage":"en-US"}]}},"_links":{"self":[{"href":"https:\/\/www.kinderwunschzentrum-hamburg.de\/en\/wp-json\/wp\/v2\/pages\/5813","targetHints":{"allow":["GET"]}}],"collection":[{"href":"https:\/\/www.kinderwunschzentrum-hamburg.de\/en\/wp-json\/wp\/v2\/pages"}],"about":[{"href":"https:\/\/www.kinderwunschzentrum-hamburg.de\/en\/wp-json\/wp\/v2\/types\/page"}],"author":[{"embeddable":true,"href":"https:\/\/www.kinderwunschzentrum-hamburg.de\/en\/wp-json\/wp\/v2\/users\/6"}],"replies":[{"embeddable":true,"href":"https:\/\/www.kinderwunschzentrum-hamburg.de\/en\/wp-json\/wp\/v2\/comments?post=5813"}],"version-history":[{"count":13,"href":"https:\/\/www.kinderwunschzentrum-hamburg.de\/en\/wp-json\/wp\/v2\/pages\/5813\/revisions"}],"predecessor-version":[{"id":6304,"href":"https:\/\/www.kinderwunschzentrum-hamburg.de\/en\/wp-json\/wp\/v2\/pages\/5813\/revisions\/6304"}],"up":[{"embeddable":true,"href":"https:\/\/www.kinderwunschzentrum-hamburg.de\/en\/wp-json\/wp\/v2\/pages\/5562"}],"wp:attachment":[{"href":"https:\/\/www.kinderwunschzentrum-hamburg.de\/en\/wp-json\/wp\/v2\/media?parent=5813"}],"curies":[{"name":"wp","href":"https:\/\/api.w.org\/{rel}","templated":true}]}}