{"id":6248,"date":"2014-06-30T16:41:58","date_gmt":"2014-06-30T14:41:58","guid":{"rendered":"https:\/\/www.kinderwunschzentrum-hamburg.de\/services\/medical-questionnaires-and-downloads\/"},"modified":"2025-01-15T16:57:28","modified_gmt":"2025-01-15T14:57:28","slug":"medical-questionnaires-and-downloads","status":"publish","type":"page","link":"https:\/\/www.kinderwunschzentrum-hamburg.de\/en\/services\/medical-questionnaires-and-downloads\/","title":{"rendered":"Medical questionnaires and downloads"},"content":{"rendered":"<h1>IMPORTANT INFORMATION FOR US<\/h1>\n<h2>Zu Ihrem ersten Termin in der Kinderwunsch Praxisklinik Fleetinsel bitten wir Sie, die folgenden Frageb\u00f6gen auszuf\u00fcllen und mitzubringen. Sie enthalten wichtige Informationen f\u00fcr das Erstgespr\u00e4ch mit Ihrem Arzt. <\/h2>\n<p><a href=\"https:\/\/www.kinderwunschzentrum-hamburg.de\/wp-content\/uploads\/2020\/05\/Anamnesefragebogen-Meditex-vom-28.06.2011-erstellt-26.05.2020_5872_Frau.pdf\">Fragebogen Frau<\/a><\/p>\n<p><a href=\"https:\/\/www.kinderwunschzentrum-hamburg.de\/wp-content\/uploads\/2020\/05\/Anamnesefragebogen-Meditex-Mann-vom-22.08.2018-erstellt-26.05.2020_5703_.pdf\">Fragebogen Mann<\/a><\/p>\n","protected":false},"excerpt":{"rendered":"<p>IMPORTANT INFORMATION FOR US Zu Ihrem ersten Termin in der Kinderwunsch Praxisklinik Fleetinsel bitten wir Sie, die folgenden Frageb\u00f6gen auszuf\u00fcllen und mitzubringen. Sie enthalten wichtige Informationen f\u00fcr das Erstgespr\u00e4ch mit Ihrem Arzt. Fragebogen Frau Fragebogen Mann<\/p>\n","protected":false},"author":6,"featured_media":0,"parent":5780,"menu_order":2,"comment_status":"open","ping_status":"open","template":"","meta":{"_acf_changed":false,"inline_featured_image":false,"footnotes":""},"class_list":["post-6248","page","type-page","status-publish","hentry"],"acf":[],"yoast_head":"<!-- This site is optimized with the Yoast SEO plugin v24.0 - https:\/\/yoast.com\/wordpress\/plugins\/seo\/ -->\n<title>Medical questionnaires and downloads - Kinderwunschzentrum Hamburg Fleetinsel | Hamburg, Kinderwunsch, k\u00fcnstliche Befruchtung, ICSI, Endometriose, Reproduktionsmedizin, IVF, Insemination, Kinderlosigkeit, Fertilisation, Wunschkind, kinderwunschzentrum, babywunsch, Refertilisierung, Spermabank, fertilitycenter<\/title>\n<meta name=\"robots\" content=\"index, follow, max-snippet:-1, max-image-preview:large, max-video-preview:-1\" \/>\n<link rel=\"canonical\" href=\"https:\/\/www.kinderwunschzentrum-hamburg.de\/en\/services\/medical-questionnaires-and-downloads\/\" \/>\n<meta property=\"og:locale\" content=\"en_US\" \/>\n<meta property=\"og:type\" content=\"article\" \/>\n<meta property=\"og:title\" content=\"Medical questionnaires and downloads - Kinderwunschzentrum Hamburg Fleetinsel | Hamburg, Kinderwunsch, k\u00fcnstliche Befruchtung, ICSI, Endometriose, Reproduktionsmedizin, IVF, Insemination, Kinderlosigkeit, Fertilisation, Wunschkind, kinderwunschzentrum, babywunsch, Refertilisierung, Spermabank, fertilitycenter\" \/>\n<meta property=\"og:description\" content=\"IMPORTANT INFORMATION FOR US Zu Ihrem ersten Termin in der Kinderwunsch Praxisklinik Fleetinsel bitten wir Sie, die folgenden Frageb\u00f6gen auszuf\u00fcllen und mitzubringen. Sie enthalten wichtige Informationen f\u00fcr das Erstgespr\u00e4ch mit Ihrem Arzt. Fragebogen Frau Fragebogen Mann\" \/>\n<meta property=\"og:url\" content=\"https:\/\/www.kinderwunschzentrum-hamburg.de\/en\/services\/medical-questionnaires-and-downloads\/\" \/>\n<meta property=\"og:site_name\" content=\"Kinderwunschzentrum Hamburg Fleetinsel | Hamburg, Kinderwunsch, k\u00fcnstliche Befruchtung, ICSI, Endometriose, Reproduktionsmedizin, IVF, Insemination, Kinderlosigkeit, Fertilisation, Wunschkind, kinderwunschzentrum, babywunsch, Refertilisierung, Spermabank, fertilitycenter\" \/>\n<meta property=\"article:modified_time\" content=\"2025-01-15T14:57:28+00:00\" \/>\n<meta name=\"twitter:card\" content=\"summary_large_image\" \/>\n<script type=\"application\/ld+json\" class=\"yoast-schema-graph\">{\"@context\":\"https:\/\/schema.org\",\"@graph\":[{\"@type\":\"WebPage\",\"@id\":\"https:\/\/www.kinderwunschzentrum-hamburg.de\/en\/services\/medical-questionnaires-and-downloads\/\",\"url\":\"https:\/\/www.kinderwunschzentrum-hamburg.de\/en\/services\/medical-questionnaires-and-downloads\/\",\"name\":\"Medical questionnaires and downloads - Kinderwunschzentrum Hamburg Fleetinsel | Hamburg, Kinderwunsch, k\u00fcnstliche Befruchtung, ICSI, Endometriose, Reproduktionsmedizin, IVF, Insemination, Kinderlosigkeit, Fertilisation, Wunschkind, kinderwunschzentrum, babywunsch, Refertilisierung, Spermabank, fertilitycenter\",\"isPartOf\":{\"@id\":\"https:\/\/www.kinderwunschzentrum-hamburg.de\/en\/#website\"},\"datePublished\":\"2014-06-30T14:41:58+00:00\",\"dateModified\":\"2025-01-15T14:57:28+00:00\",\"breadcrumb\":{\"@id\":\"https:\/\/www.kinderwunschzentrum-hamburg.de\/en\/services\/medical-questionnaires-and-downloads\/#breadcrumb\"},\"inLanguage\":\"en-US\",\"potentialAction\":[{\"@type\":\"ReadAction\",\"target\":[\"https:\/\/www.kinderwunschzentrum-hamburg.de\/en\/services\/medical-questionnaires-and-downloads\/\"]}]},{\"@type\":\"BreadcrumbList\",\"@id\":\"https:\/\/www.kinderwunschzentrum-hamburg.de\/en\/services\/medical-questionnaires-and-downloads\/#breadcrumb\",\"itemListElement\":[{\"@type\":\"ListItem\",\"position\":1,\"name\":\"Startseite\",\"item\":\"https:\/\/www.kinderwunschzentrum-hamburg.de\/en\/\"},{\"@type\":\"ListItem\",\"position\":2,\"name\":\"Services\",\"item\":\"https:\/\/www.kinderwunschzentrum-hamburg.de\/en\/services\/\"},{\"@type\":\"ListItem\",\"position\":3,\"name\":\"Medical questionnaires and downloads\"}]},{\"@type\":\"WebSite\",\"@id\":\"https:\/\/www.kinderwunschzentrum-hamburg.de\/en\/#website\",\"url\":\"https:\/\/www.kinderwunschzentrum-hamburg.de\/en\/\",\"name\":\"Kinderwunschzentrum Hamburg Fleetinsel | Hamburg, Kinderwunsch, k\u00fcnstliche Befruchtung, ICSI, Endometriose, Reproduktionsmedizin, IVF, Insemination, Kinderlosigkeit, Fertilisation, Wunschkind, kinderwunschzentrum, babywunsch, Refertilisierung, Spermabank, fertilitycenter\",\"description\":\"Eine weitere WordPress-Seite\",\"potentialAction\":[{\"@type\":\"SearchAction\",\"target\":{\"@type\":\"EntryPoint\",\"urlTemplate\":\"https:\/\/www.kinderwunschzentrum-hamburg.de\/en\/?s={search_term_string}\"},\"query-input\":{\"@type\":\"PropertyValueSpecification\",\"valueRequired\":true,\"valueName\":\"search_term_string\"}}],\"inLanguage\":\"en-US\"}]}<\/script>\n<!-- \/ Yoast SEO plugin. -->","yoast_head_json":{"title":"Medical questionnaires and downloads - Kinderwunschzentrum Hamburg Fleetinsel | Hamburg, Kinderwunsch, k\u00fcnstliche Befruchtung, ICSI, Endometriose, Reproduktionsmedizin, IVF, Insemination, Kinderlosigkeit, Fertilisation, Wunschkind, kinderwunschzentrum, babywunsch, Refertilisierung, Spermabank, fertilitycenter","robots":{"index":"index","follow":"follow","max-snippet":"max-snippet:-1","max-image-preview":"max-image-preview:large","max-video-preview":"max-video-preview:-1"},"canonical":"https:\/\/www.kinderwunschzentrum-hamburg.de\/en\/services\/medical-questionnaires-and-downloads\/","og_locale":"en_US","og_type":"article","og_title":"Medical questionnaires and downloads - Kinderwunschzentrum Hamburg Fleetinsel | Hamburg, Kinderwunsch, k\u00fcnstliche Befruchtung, ICSI, Endometriose, Reproduktionsmedizin, IVF, Insemination, Kinderlosigkeit, Fertilisation, Wunschkind, kinderwunschzentrum, babywunsch, Refertilisierung, Spermabank, fertilitycenter","og_description":"IMPORTANT INFORMATION FOR US Zu Ihrem ersten Termin in der Kinderwunsch Praxisklinik Fleetinsel bitten wir Sie, die folgenden Frageb\u00f6gen auszuf\u00fcllen und mitzubringen. Sie enthalten wichtige Informationen f\u00fcr das Erstgespr\u00e4ch mit Ihrem Arzt. Fragebogen Frau Fragebogen Mann","og_url":"https:\/\/www.kinderwunschzentrum-hamburg.de\/en\/services\/medical-questionnaires-and-downloads\/","og_site_name":"Kinderwunschzentrum Hamburg Fleetinsel | Hamburg, Kinderwunsch, k\u00fcnstliche Befruchtung, ICSI, Endometriose, Reproduktionsmedizin, IVF, Insemination, Kinderlosigkeit, Fertilisation, Wunschkind, kinderwunschzentrum, babywunsch, Refertilisierung, Spermabank, fertilitycenter","article_modified_time":"2025-01-15T14:57:28+00:00","twitter_card":"summary_large_image","schema":{"@context":"https:\/\/schema.org","@graph":[{"@type":"WebPage","@id":"https:\/\/www.kinderwunschzentrum-hamburg.de\/en\/services\/medical-questionnaires-and-downloads\/","url":"https:\/\/www.kinderwunschzentrum-hamburg.de\/en\/services\/medical-questionnaires-and-downloads\/","name":"Medical questionnaires and downloads - Kinderwunschzentrum Hamburg Fleetinsel | Hamburg, Kinderwunsch, k\u00fcnstliche Befruchtung, ICSI, Endometriose, Reproduktionsmedizin, IVF, Insemination, Kinderlosigkeit, Fertilisation, Wunschkind, kinderwunschzentrum, babywunsch, Refertilisierung, Spermabank, fertilitycenter","isPartOf":{"@id":"https:\/\/www.kinderwunschzentrum-hamburg.de\/en\/#website"},"datePublished":"2014-06-30T14:41:58+00:00","dateModified":"2025-01-15T14:57:28+00:00","breadcrumb":{"@id":"https:\/\/www.kinderwunschzentrum-hamburg.de\/en\/services\/medical-questionnaires-and-downloads\/#breadcrumb"},"inLanguage":"en-US","potentialAction":[{"@type":"ReadAction","target":["https:\/\/www.kinderwunschzentrum-hamburg.de\/en\/services\/medical-questionnaires-and-downloads\/"]}]},{"@type":"BreadcrumbList","@id":"https:\/\/www.kinderwunschzentrum-hamburg.de\/en\/services\/medical-questionnaires-and-downloads\/#breadcrumb","itemListElement":[{"@type":"ListItem","position":1,"name":"Startseite","item":"https:\/\/www.kinderwunschzentrum-hamburg.de\/en\/"},{"@type":"ListItem","position":2,"name":"Services","item":"https:\/\/www.kinderwunschzentrum-hamburg.de\/en\/services\/"},{"@type":"ListItem","position":3,"name":"Medical questionnaires and downloads"}]},{"@type":"WebSite","@id":"https:\/\/www.kinderwunschzentrum-hamburg.de\/en\/#website","url":"https:\/\/www.kinderwunschzentrum-hamburg.de\/en\/","name":"Kinderwunschzentrum Hamburg Fleetinsel | Hamburg, Kinderwunsch, k\u00fcnstliche Befruchtung, ICSI, Endometriose, Reproduktionsmedizin, IVF, Insemination, Kinderlosigkeit, Fertilisation, Wunschkind, kinderwunschzentrum, babywunsch, Refertilisierung, Spermabank, fertilitycenter","description":"Eine weitere WordPress-Seite","potentialAction":[{"@type":"SearchAction","target":{"@type":"EntryPoint","urlTemplate":"https:\/\/www.kinderwunschzentrum-hamburg.de\/en\/?s={search_term_string}"},"query-input":{"@type":"PropertyValueSpecification","valueRequired":true,"valueName":"search_term_string"}}],"inLanguage":"en-US"}]}},"_links":{"self":[{"href":"https:\/\/www.kinderwunschzentrum-hamburg.de\/en\/wp-json\/wp\/v2\/pages\/6248","targetHints":{"allow":["GET"]}}],"collection":[{"href":"https:\/\/www.kinderwunschzentrum-hamburg.de\/en\/wp-json\/wp\/v2\/pages"}],"about":[{"href":"https:\/\/www.kinderwunschzentrum-hamburg.de\/en\/wp-json\/wp\/v2\/types\/page"}],"author":[{"embeddable":true,"href":"https:\/\/www.kinderwunschzentrum-hamburg.de\/en\/wp-json\/wp\/v2\/users\/6"}],"replies":[{"embeddable":true,"href":"https:\/\/www.kinderwunschzentrum-hamburg.de\/en\/wp-json\/wp\/v2\/comments?post=6248"}],"version-history":[{"count":1,"href":"https:\/\/www.kinderwunschzentrum-hamburg.de\/en\/wp-json\/wp\/v2\/pages\/6248\/revisions"}],"predecessor-version":[{"id":6249,"href":"https:\/\/www.kinderwunschzentrum-hamburg.de\/en\/wp-json\/wp\/v2\/pages\/6248\/revisions\/6249"}],"up":[{"embeddable":true,"href":"https:\/\/www.kinderwunschzentrum-hamburg.de\/en\/wp-json\/wp\/v2\/pages\/5780"}],"wp:attachment":[{"href":"https:\/\/www.kinderwunschzentrum-hamburg.de\/en\/wp-json\/wp\/v2\/media?parent=6248"}],"curies":[{"name":"wp","href":"https:\/\/api.w.org\/{rel}","templated":true}]}}