{"id":6002,"date":"2014-06-12T13:23:37","date_gmt":"2014-06-12T11:23:37","guid":{"rendered":"https:\/\/www.kinderwunschzentrum-hamburg.de\/ihr-kinderwunsch-kinderpraxisklinik-fleetinsel-hamburg\/"},"modified":"2025-03-17T13:07:20","modified_gmt":"2025-03-17T11:07:20","slug":"ihr-kinderwunsch-kinderpraxisklinik-fleetinsel-hamburg","status":"publish","type":"page","link":"https:\/\/www.kinderwunschzentrum-hamburg.de\/tr\/ihr-kinderwunsch-kinderpraxisklinik-fleetinsel-hamburg\/","title":{"rendered":"\u00c7ocuk sahibi olma arzunuz"},"content":{"rendered":"","protected":false},"excerpt":{"rendered":"","protected":false},"author":9,"featured_media":0,"parent":0,"menu_order":0,"comment_status":"open","ping_status":"open","template":"","meta":{"_acf_changed":false,"inline_featured_image":false,"footnotes":""},"class_list":["post-6002","page","type-page","status-publish","hentry"],"acf":[],"yoast_head":"<!-- This site is optimized with the Yoast SEO plugin v24.0 - https:\/\/yoast.com\/wordpress\/plugins\/seo\/ -->\n<title>Ihr Kinderwunsch - Kinderwunschzentrum Hamburg<\/title>\n<meta name=\"description\" content=\"Das Spezialistenteam der Kinderwunschzentrum Hamburg Fleetinsel hilft auf Basis seiner langj\u00e4hrigen Erfahrung jedes Jahr vielen ungewollt kinderlosen Paaren, ihren gr\u00f6\u00dften Wunsch zu erf\u00fcllen.\" \/>\n<meta name=\"robots\" content=\"index, follow, max-snippet:-1, max-image-preview:large, max-video-preview:-1\" \/>\n<link rel=\"canonical\" href=\"https:\/\/www.kinderwunschzentrum-hamburg.de\/tr\/ihr-kinderwunsch-kinderpraxisklinik-fleetinsel-hamburg\/\" \/>\n<meta property=\"og:locale\" content=\"tr_TR\" \/>\n<meta property=\"og:type\" content=\"article\" \/>\n<meta property=\"og:title\" content=\"Ihr Kinderwunsch - Kinderwunschzentrum Hamburg\" \/>\n<meta property=\"og:description\" content=\"Das Spezialistenteam der Kinderwunschzentrum Hamburg Fleetinsel hilft auf Basis seiner langj\u00e4hrigen Erfahrung jedes Jahr vielen ungewollt kinderlosen Paaren, ihren gr\u00f6\u00dften Wunsch zu erf\u00fcllen.\" \/>\n<meta property=\"og:url\" content=\"https:\/\/www.kinderwunschzentrum-hamburg.de\/tr\/ihr-kinderwunsch-kinderpraxisklinik-fleetinsel-hamburg\/\" \/>\n<meta property=\"og:site_name\" content=\"Kinderwunschzentrum Hamburg Fleetinsel | Hamburg, Kinderwunsch, k\u00fcnstliche Befruchtung, ICSI, Endometriose, Reproduktionsmedizin, IVF, Insemination, Kinderlosigkeit, Fertilisation, Wunschkind, kinderwunschzentrum, babywunsch, Refertilisierung, Spermabank, fertilitycenter\" \/>\n<meta property=\"article:modified_time\" content=\"2025-03-17T11:07:20+00:00\" \/>\n<meta name=\"twitter:card\" content=\"summary_large_image\" \/>\n<script type=\"application\/ld+json\" class=\"yoast-schema-graph\">{\"@context\":\"https:\/\/schema.org\",\"@graph\":[{\"@type\":\"WebPage\",\"@id\":\"https:\/\/www.kinderwunschzentrum-hamburg.de\/tr\/ihr-kinderwunsch-kinderpraxisklinik-fleetinsel-hamburg\/\",\"url\":\"https:\/\/www.kinderwunschzentrum-hamburg.de\/tr\/ihr-kinderwunsch-kinderpraxisklinik-fleetinsel-hamburg\/\",\"name\":\"Ihr Kinderwunsch - Kinderwunschzentrum Hamburg\",\"isPartOf\":{\"@id\":\"https:\/\/www.kinderwunschzentrum-hamburg.de\/tr\/#website\"},\"datePublished\":\"2014-06-12T11:23:37+00:00\",\"dateModified\":\"2025-03-17T11:07:20+00:00\",\"description\":\"Das Spezialistenteam der Kinderwunschzentrum Hamburg Fleetinsel hilft auf Basis seiner langj\u00e4hrigen Erfahrung jedes Jahr vielen ungewollt kinderlosen Paaren, ihren gr\u00f6\u00dften Wunsch zu erf\u00fcllen.\",\"breadcrumb\":{\"@id\":\"https:\/\/www.kinderwunschzentrum-hamburg.de\/tr\/ihr-kinderwunsch-kinderpraxisklinik-fleetinsel-hamburg\/#breadcrumb\"},\"inLanguage\":\"tr\",\"potentialAction\":[{\"@type\":\"ReadAction\",\"target\":[\"https:\/\/www.kinderwunschzentrum-hamburg.de\/tr\/ihr-kinderwunsch-kinderpraxisklinik-fleetinsel-hamburg\/\"]}]},{\"@type\":\"BreadcrumbList\",\"@id\":\"https:\/\/www.kinderwunschzentrum-hamburg.de\/tr\/ihr-kinderwunsch-kinderpraxisklinik-fleetinsel-hamburg\/#breadcrumb\",\"itemListElement\":[{\"@type\":\"ListItem\",\"position\":1,\"name\":\"Startseite\",\"item\":\"https:\/\/www.kinderwunschzentrum-hamburg.de\/tr\/\"},{\"@type\":\"ListItem\",\"position\":2,\"name\":\"\u00c7ocuk sahibi olma arzunuz\"}]},{\"@type\":\"WebSite\",\"@id\":\"https:\/\/www.kinderwunschzentrum-hamburg.de\/tr\/#website\",\"url\":\"https:\/\/www.kinderwunschzentrum-hamburg.de\/tr\/\",\"name\":\"Kinderwunschzentrum Hamburg Fleetinsel | Hamburg, Kinderwunsch, k\u00fcnstliche Befruchtung, ICSI, Endometriose, Reproduktionsmedizin, IVF, Insemination, Kinderlosigkeit, Fertilisation, Wunschkind, kinderwunschzentrum, babywunsch, Refertilisierung, Spermabank, fertilitycenter\",\"description\":\"Eine weitere WordPress-Seite\",\"potentialAction\":[{\"@type\":\"SearchAction\",\"target\":{\"@type\":\"EntryPoint\",\"urlTemplate\":\"https:\/\/www.kinderwunschzentrum-hamburg.de\/tr\/?s={search_term_string}\"},\"query-input\":{\"@type\":\"PropertyValueSpecification\",\"valueRequired\":true,\"valueName\":\"search_term_string\"}}],\"inLanguage\":\"tr\"}]}<\/script>\n<!-- \/ Yoast SEO plugin. -->","yoast_head_json":{"title":"Ihr Kinderwunsch - Kinderwunschzentrum Hamburg","description":"Das Spezialistenteam der Kinderwunschzentrum Hamburg Fleetinsel hilft auf Basis seiner langj\u00e4hrigen Erfahrung jedes Jahr vielen ungewollt kinderlosen Paaren, ihren gr\u00f6\u00dften Wunsch zu erf\u00fcllen.","robots":{"index":"index","follow":"follow","max-snippet":"max-snippet:-1","max-image-preview":"max-image-preview:large","max-video-preview":"max-video-preview:-1"},"canonical":"https:\/\/www.kinderwunschzentrum-hamburg.de\/tr\/ihr-kinderwunsch-kinderpraxisklinik-fleetinsel-hamburg\/","og_locale":"tr_TR","og_type":"article","og_title":"Ihr Kinderwunsch - Kinderwunschzentrum Hamburg","og_description":"Das Spezialistenteam der Kinderwunschzentrum Hamburg Fleetinsel hilft auf Basis seiner langj\u00e4hrigen Erfahrung jedes Jahr vielen ungewollt kinderlosen Paaren, ihren gr\u00f6\u00dften Wunsch zu erf\u00fcllen.","og_url":"https:\/\/www.kinderwunschzentrum-hamburg.de\/tr\/ihr-kinderwunsch-kinderpraxisklinik-fleetinsel-hamburg\/","og_site_name":"Kinderwunschzentrum Hamburg Fleetinsel | Hamburg, Kinderwunsch, k\u00fcnstliche Befruchtung, ICSI, Endometriose, Reproduktionsmedizin, IVF, Insemination, Kinderlosigkeit, Fertilisation, Wunschkind, kinderwunschzentrum, babywunsch, Refertilisierung, Spermabank, fertilitycenter","article_modified_time":"2025-03-17T11:07:20+00:00","twitter_card":"summary_large_image","schema":{"@context":"https:\/\/schema.org","@graph":[{"@type":"WebPage","@id":"https:\/\/www.kinderwunschzentrum-hamburg.de\/tr\/ihr-kinderwunsch-kinderpraxisklinik-fleetinsel-hamburg\/","url":"https:\/\/www.kinderwunschzentrum-hamburg.de\/tr\/ihr-kinderwunsch-kinderpraxisklinik-fleetinsel-hamburg\/","name":"Ihr Kinderwunsch - Kinderwunschzentrum Hamburg","isPartOf":{"@id":"https:\/\/www.kinderwunschzentrum-hamburg.de\/tr\/#website"},"datePublished":"2014-06-12T11:23:37+00:00","dateModified":"2025-03-17T11:07:20+00:00","description":"Das Spezialistenteam der Kinderwunschzentrum Hamburg Fleetinsel hilft auf Basis seiner langj\u00e4hrigen Erfahrung jedes Jahr vielen ungewollt kinderlosen Paaren, ihren gr\u00f6\u00dften Wunsch zu erf\u00fcllen.","breadcrumb":{"@id":"https:\/\/www.kinderwunschzentrum-hamburg.de\/tr\/ihr-kinderwunsch-kinderpraxisklinik-fleetinsel-hamburg\/#breadcrumb"},"inLanguage":"tr","potentialAction":[{"@type":"ReadAction","target":["https:\/\/www.kinderwunschzentrum-hamburg.de\/tr\/ihr-kinderwunsch-kinderpraxisklinik-fleetinsel-hamburg\/"]}]},{"@type":"BreadcrumbList","@id":"https:\/\/www.kinderwunschzentrum-hamburg.de\/tr\/ihr-kinderwunsch-kinderpraxisklinik-fleetinsel-hamburg\/#breadcrumb","itemListElement":[{"@type":"ListItem","position":1,"name":"Startseite","item":"https:\/\/www.kinderwunschzentrum-hamburg.de\/tr\/"},{"@type":"ListItem","position":2,"name":"\u00c7ocuk sahibi olma arzunuz"}]},{"@type":"WebSite","@id":"https:\/\/www.kinderwunschzentrum-hamburg.de\/tr\/#website","url":"https:\/\/www.kinderwunschzentrum-hamburg.de\/tr\/","name":"Kinderwunschzentrum Hamburg Fleetinsel | Hamburg, Kinderwunsch, k\u00fcnstliche Befruchtung, ICSI, Endometriose, Reproduktionsmedizin, IVF, Insemination, Kinderlosigkeit, Fertilisation, Wunschkind, kinderwunschzentrum, babywunsch, Refertilisierung, Spermabank, fertilitycenter","description":"Eine weitere WordPress-Seite","potentialAction":[{"@type":"SearchAction","target":{"@type":"EntryPoint","urlTemplate":"https:\/\/www.kinderwunschzentrum-hamburg.de\/tr\/?s={search_term_string}"},"query-input":{"@type":"PropertyValueSpecification","valueRequired":true,"valueName":"search_term_string"}}],"inLanguage":"tr"}]}},"_links":{"self":[{"href":"https:\/\/www.kinderwunschzentrum-hamburg.de\/tr\/wp-json\/wp\/v2\/pages\/6002","targetHints":{"allow":["GET"]}}],"collection":[{"href":"https:\/\/www.kinderwunschzentrum-hamburg.de\/tr\/wp-json\/wp\/v2\/pages"}],"about":[{"href":"https:\/\/www.kinderwunschzentrum-hamburg.de\/tr\/wp-json\/wp\/v2\/types\/page"}],"author":[{"embeddable":true,"href":"https:\/\/www.kinderwunschzentrum-hamburg.de\/tr\/wp-json\/wp\/v2\/users\/9"}],"replies":[{"embeddable":true,"href":"https:\/\/www.kinderwunschzentrum-hamburg.de\/tr\/wp-json\/wp\/v2\/comments?post=6002"}],"version-history":[{"count":2,"href":"https:\/\/www.kinderwunschzentrum-hamburg.de\/tr\/wp-json\/wp\/v2\/pages\/6002\/revisions"}],"predecessor-version":[{"id":6672,"href":"https:\/\/www.kinderwunschzentrum-hamburg.de\/tr\/wp-json\/wp\/v2\/pages\/6002\/revisions\/6672"}],"wp:attachment":[{"href":"https:\/\/www.kinderwunschzentrum-hamburg.de\/tr\/wp-json\/wp\/v2\/media?parent=6002"}],"curies":[{"name":"wp","href":"https:\/\/api.w.org\/{rel}","templated":true}]}}