{"id":6112,"date":"2014-06-26T15:27:22","date_gmt":"2014-06-26T13:27:22","guid":{"rendered":"https:\/\/www.kinderwunschzentrum-hamburg.de\/impressum\/"},"modified":"2025-03-19T13:00:48","modified_gmt":"2025-03-19T11:00:48","slug":"impressum","status":"publish","type":"page","link":"https:\/\/www.kinderwunschzentrum-hamburg.de\/tr\/impressum\/","title":{"rendered":"K\u00fcnye"},"content":{"rendered":"<h1>Impressum<\/h1>\n<h2>Priv.-Doz. Dr. med. Kay Neumann<\/h2>\n<h2>Kinderwunsch Praxisklinik<\/h2>\n<h3>Fleetinsel Hamburg<br \/>\nAdmiralit\u00e4tsstra\u00dfe 4<br \/>\n20459 Hamburg<\/h3>\n<p>Tel.: +49-(0)40-38 60 55-53<br \/>\nFax: +49-(0)40-38 60 55-51<br \/>\nE-Mail:info@kinderwunsch-praxisklinik.de<br \/>\nwww.kinderwunschzentrum-hamburg.de<\/p>\n<p>Weitere Pflichtangaben f\u00fcr den oben genannten Arzt gem. \u00a7 6 Teledienstegesetz:<\/p>\n<p>Berufsbezeichnung:<br \/>\nArzt<\/p>\n<p>Zust\u00e4ndige Kammer:<br \/>\n<a title=\"\u00c4rztekammer Hamburg\" href=\"http:\/\/www.aerztekammer-hamburg.de\">\u00c4rztekammer Hamburg<\/a><br \/>\n22083 Hamburg, Humboldtstr. 56<br \/>\nTel.: +49-(0)40-22 80 25 96<br \/>\nFax: +49-(0)40-22 09 98 0<br \/>\nE-Mail: aekhh@aerztekammer-hamburg.de<\/p>\n<p>Zust\u00e4ndige Kassen\u00e4rztliche Vereinigung:<br \/>\n<a title=\"Kassen\u00e4rztliche Vereinigung Hamburg\" href=\"http:\/\/www.kvhh.net\/kvhh\">Kassen\u00e4rztliche Vereinigung Hamburg<\/a><br \/>\nHeidenkampsweg 99, 20097 Hamburg<br \/>\nTel.: +49-(0)40-22 80 2-0<br \/>\nFax: +49-(0)40-22 80 2-420<br \/>\nE-Mail: kontakt@kvhh.de<\/p>\n<p>Berufsrechtliche Regelungen:<br \/>\nBerufsordnung der Hamburger \u00c4rzte und \u00c4rztinnen<br \/>\nRichtlinien zur assistierten Reproduktion<\/p>\n<p>Haftungshinweis:<br \/>\nTrotz sorgf\u00e4ltiger inhaltlicher Kontrolle \u00fcbernehmen wir keine Haftung f\u00fcr die Inhalte externer Links. F\u00fcr den Inhalt der verlinkten Seiten sind ausschlie\u00dflich deren Betreiber verantwortlich.<\/p>\n<p><a title=\"Haftungsausschluss\" href=\"http:\/\/www.disclaimer.de\/disclaimer.htm\">Haftungsausschluss<\/a><\/p>\n","protected":false},"excerpt":{"rendered":"<p>Impressum Priv.-Doz. Dr. med. Kay Neumann Kinderwunsch Praxisklinik Fleetinsel Hamburg Admiralit\u00e4tsstra\u00dfe 4 20459 Hamburg Tel.: +49-(0)40-38 60 55-53 Fax: +49-(0)40-38 60 55-51 E-Mail:info@kinderwunsch-praxisklinik.de www.kinderwunschzentrum-hamburg.de Weitere Pflichtangaben f\u00fcr den oben genannten Arzt gem. \u00a7 6 Teledienstegesetz: Berufsbezeichnung: Arzt Zust\u00e4ndige Kammer: \u00c4rztekammer Hamburg 22083 Hamburg, Humboldtstr. 56 Tel.: +49-(0)40-22 80 25 96 Fax: +49-(0)40-22 09 98 0 [&hellip;]<\/p>\n","protected":false},"author":5,"featured_media":0,"parent":0,"menu_order":0,"comment_status":"open","ping_status":"open","template":"","meta":{"_acf_changed":false,"inline_featured_image":false,"footnotes":""},"class_list":["post-6112","page","type-page","status-publish","hentry"],"acf":[],"yoast_head":"<!-- This site is optimized with the Yoast SEO plugin v24.0 - https:\/\/yoast.com\/wordpress\/plugins\/seo\/ -->\n<title>K\u00fcnye - Kinderwunschzentrum Hamburg Fleetinsel | Hamburg, Kinderwunsch, k\u00fcnstliche Befruchtung, ICSI, Endometriose, Reproduktionsmedizin, IVF, Insemination, Kinderlosigkeit, Fertilisation, Wunschkind, kinderwunschzentrum, babywunsch, Refertilisierung, Spermabank, fertilitycenter<\/title>\n<meta name=\"robots\" content=\"index, follow, max-snippet:-1, max-image-preview:large, max-video-preview:-1\" \/>\n<link rel=\"canonical\" href=\"https:\/\/www.kinderwunschzentrum-hamburg.de\/tr\/impressum\/\" \/>\n<meta property=\"og:locale\" content=\"tr_TR\" \/>\n<meta property=\"og:type\" content=\"article\" \/>\n<meta property=\"og:title\" content=\"K\u00fcnye - Kinderwunschzentrum Hamburg Fleetinsel | Hamburg, Kinderwunsch, k\u00fcnstliche Befruchtung, ICSI, Endometriose, Reproduktionsmedizin, IVF, Insemination, Kinderlosigkeit, Fertilisation, Wunschkind, kinderwunschzentrum, babywunsch, Refertilisierung, Spermabank, fertilitycenter\" \/>\n<meta property=\"og:description\" content=\"Impressum Priv.-Doz. Dr. med. Kay Neumann Kinderwunsch Praxisklinik Fleetinsel Hamburg Admiralit\u00e4tsstra\u00dfe 4 20459 Hamburg Tel.: +49-(0)40-38 60 55-53 Fax: +49-(0)40-38 60 55-51 E-Mail:info@kinderwunsch-praxisklinik.de www.kinderwunschzentrum-hamburg.de Weitere Pflichtangaben f\u00fcr den oben genannten Arzt gem. \u00a7 6 Teledienstegesetz: Berufsbezeichnung: Arzt Zust\u00e4ndige Kammer: \u00c4rztekammer Hamburg 22083 Hamburg, Humboldtstr. 56 Tel.: +49-(0)40-22 80 25 96 Fax: +49-(0)40-22 09 98 0 [&hellip;]\" \/>\n<meta property=\"og:url\" content=\"https:\/\/www.kinderwunschzentrum-hamburg.de\/tr\/impressum\/\" \/>\n<meta property=\"og:site_name\" content=\"Kinderwunschzentrum Hamburg Fleetinsel | Hamburg, Kinderwunsch, k\u00fcnstliche Befruchtung, ICSI, Endometriose, Reproduktionsmedizin, IVF, Insemination, Kinderlosigkeit, Fertilisation, Wunschkind, kinderwunschzentrum, babywunsch, Refertilisierung, Spermabank, fertilitycenter\" \/>\n<meta property=\"article:modified_time\" content=\"2025-03-19T11:00:48+00:00\" \/>\n<meta name=\"twitter:card\" content=\"summary_large_image\" \/>\n<meta name=\"twitter:label1\" content=\"Tahmini okuma s\u00fcresi\" \/>\n\t<meta name=\"twitter:data1\" content=\"1 dakika\" \/>\n<script type=\"application\/ld+json\" class=\"yoast-schema-graph\">{\"@context\":\"https:\/\/schema.org\",\"@graph\":[{\"@type\":\"WebPage\",\"@id\":\"https:\/\/www.kinderwunschzentrum-hamburg.de\/tr\/impressum\/\",\"url\":\"https:\/\/www.kinderwunschzentrum-hamburg.de\/tr\/impressum\/\",\"name\":\"K\u00fcnye - Kinderwunschzentrum Hamburg Fleetinsel | Hamburg, Kinderwunsch, k\u00fcnstliche Befruchtung, ICSI, Endometriose, Reproduktionsmedizin, IVF, Insemination, Kinderlosigkeit, Fertilisation, Wunschkind, kinderwunschzentrum, babywunsch, Refertilisierung, Spermabank, fertilitycenter\",\"isPartOf\":{\"@id\":\"https:\/\/www.kinderwunschzentrum-hamburg.de\/tr\/#website\"},\"datePublished\":\"2014-06-26T13:27:22+00:00\",\"dateModified\":\"2025-03-19T11:00:48+00:00\",\"breadcrumb\":{\"@id\":\"https:\/\/www.kinderwunschzentrum-hamburg.de\/tr\/impressum\/#breadcrumb\"},\"inLanguage\":\"tr\",\"potentialAction\":[{\"@type\":\"ReadAction\",\"target\":[\"https:\/\/www.kinderwunschzentrum-hamburg.de\/tr\/impressum\/\"]}]},{\"@type\":\"BreadcrumbList\",\"@id\":\"https:\/\/www.kinderwunschzentrum-hamburg.de\/tr\/impressum\/#breadcrumb\",\"itemListElement\":[{\"@type\":\"ListItem\",\"position\":1,\"name\":\"Startseite\",\"item\":\"https:\/\/www.kinderwunschzentrum-hamburg.de\/tr\/\"},{\"@type\":\"ListItem\",\"position\":2,\"name\":\"K\u00fcnye\"}]},{\"@type\":\"WebSite\",\"@id\":\"https:\/\/www.kinderwunschzentrum-hamburg.de\/tr\/#website\",\"url\":\"https:\/\/www.kinderwunschzentrum-hamburg.de\/tr\/\",\"name\":\"Kinderwunschzentrum Hamburg Fleetinsel | Hamburg, Kinderwunsch, k\u00fcnstliche Befruchtung, ICSI, Endometriose, Reproduktionsmedizin, IVF, Insemination, Kinderlosigkeit, Fertilisation, Wunschkind, kinderwunschzentrum, babywunsch, Refertilisierung, Spermabank, fertilitycenter\",\"description\":\"Eine weitere WordPress-Seite\",\"potentialAction\":[{\"@type\":\"SearchAction\",\"target\":{\"@type\":\"EntryPoint\",\"urlTemplate\":\"https:\/\/www.kinderwunschzentrum-hamburg.de\/tr\/?s={search_term_string}\"},\"query-input\":{\"@type\":\"PropertyValueSpecification\",\"valueRequired\":true,\"valueName\":\"search_term_string\"}}],\"inLanguage\":\"tr\"}]}<\/script>\n<!-- \/ Yoast SEO plugin. -->","yoast_head_json":{"title":"K\u00fcnye - Kinderwunschzentrum Hamburg Fleetinsel | Hamburg, Kinderwunsch, k\u00fcnstliche Befruchtung, ICSI, Endometriose, Reproduktionsmedizin, IVF, Insemination, Kinderlosigkeit, Fertilisation, Wunschkind, kinderwunschzentrum, babywunsch, Refertilisierung, Spermabank, fertilitycenter","robots":{"index":"index","follow":"follow","max-snippet":"max-snippet:-1","max-image-preview":"max-image-preview:large","max-video-preview":"max-video-preview:-1"},"canonical":"https:\/\/www.kinderwunschzentrum-hamburg.de\/tr\/impressum\/","og_locale":"tr_TR","og_type":"article","og_title":"K\u00fcnye - Kinderwunschzentrum Hamburg Fleetinsel | Hamburg, Kinderwunsch, k\u00fcnstliche Befruchtung, ICSI, Endometriose, Reproduktionsmedizin, IVF, Insemination, Kinderlosigkeit, Fertilisation, Wunschkind, kinderwunschzentrum, babywunsch, Refertilisierung, Spermabank, fertilitycenter","og_description":"Impressum Priv.-Doz. Dr. med. Kay Neumann Kinderwunsch Praxisklinik Fleetinsel Hamburg Admiralit\u00e4tsstra\u00dfe 4 20459 Hamburg Tel.: +49-(0)40-38 60 55-53 Fax: +49-(0)40-38 60 55-51 E-Mail:info@kinderwunsch-praxisklinik.de www.kinderwunschzentrum-hamburg.de Weitere Pflichtangaben f\u00fcr den oben genannten Arzt gem. \u00a7 6 Teledienstegesetz: Berufsbezeichnung: Arzt Zust\u00e4ndige Kammer: \u00c4rztekammer Hamburg 22083 Hamburg, Humboldtstr. 56 Tel.: +49-(0)40-22 80 25 96 Fax: +49-(0)40-22 09 98 0 [&hellip;]","og_url":"https:\/\/www.kinderwunschzentrum-hamburg.de\/tr\/impressum\/","og_site_name":"Kinderwunschzentrum Hamburg Fleetinsel | Hamburg, Kinderwunsch, k\u00fcnstliche Befruchtung, ICSI, Endometriose, Reproduktionsmedizin, IVF, Insemination, Kinderlosigkeit, Fertilisation, Wunschkind, kinderwunschzentrum, babywunsch, Refertilisierung, Spermabank, fertilitycenter","article_modified_time":"2025-03-19T11:00:48+00:00","twitter_card":"summary_large_image","twitter_misc":{"Tahmini okuma s\u00fcresi":"1 dakika"},"schema":{"@context":"https:\/\/schema.org","@graph":[{"@type":"WebPage","@id":"https:\/\/www.kinderwunschzentrum-hamburg.de\/tr\/impressum\/","url":"https:\/\/www.kinderwunschzentrum-hamburg.de\/tr\/impressum\/","name":"K\u00fcnye - Kinderwunschzentrum Hamburg Fleetinsel | Hamburg, Kinderwunsch, k\u00fcnstliche Befruchtung, ICSI, Endometriose, Reproduktionsmedizin, IVF, Insemination, Kinderlosigkeit, Fertilisation, Wunschkind, kinderwunschzentrum, babywunsch, Refertilisierung, Spermabank, fertilitycenter","isPartOf":{"@id":"https:\/\/www.kinderwunschzentrum-hamburg.de\/tr\/#website"},"datePublished":"2014-06-26T13:27:22+00:00","dateModified":"2025-03-19T11:00:48+00:00","breadcrumb":{"@id":"https:\/\/www.kinderwunschzentrum-hamburg.de\/tr\/impressum\/#breadcrumb"},"inLanguage":"tr","potentialAction":[{"@type":"ReadAction","target":["https:\/\/www.kinderwunschzentrum-hamburg.de\/tr\/impressum\/"]}]},{"@type":"BreadcrumbList","@id":"https:\/\/www.kinderwunschzentrum-hamburg.de\/tr\/impressum\/#breadcrumb","itemListElement":[{"@type":"ListItem","position":1,"name":"Startseite","item":"https:\/\/www.kinderwunschzentrum-hamburg.de\/tr\/"},{"@type":"ListItem","position":2,"name":"K\u00fcnye"}]},{"@type":"WebSite","@id":"https:\/\/www.kinderwunschzentrum-hamburg.de\/tr\/#website","url":"https:\/\/www.kinderwunschzentrum-hamburg.de\/tr\/","name":"Kinderwunschzentrum Hamburg Fleetinsel | Hamburg, Kinderwunsch, k\u00fcnstliche Befruchtung, ICSI, Endometriose, Reproduktionsmedizin, IVF, Insemination, Kinderlosigkeit, Fertilisation, Wunschkind, kinderwunschzentrum, babywunsch, Refertilisierung, Spermabank, fertilitycenter","description":"Eine weitere WordPress-Seite","potentialAction":[{"@type":"SearchAction","target":{"@type":"EntryPoint","urlTemplate":"https:\/\/www.kinderwunschzentrum-hamburg.de\/tr\/?s={search_term_string}"},"query-input":{"@type":"PropertyValueSpecification","valueRequired":true,"valueName":"search_term_string"}}],"inLanguage":"tr"}]}},"_links":{"self":[{"href":"https:\/\/www.kinderwunschzentrum-hamburg.de\/tr\/wp-json\/wp\/v2\/pages\/6112","targetHints":{"allow":["GET"]}}],"collection":[{"href":"https:\/\/www.kinderwunschzentrum-hamburg.de\/tr\/wp-json\/wp\/v2\/pages"}],"about":[{"href":"https:\/\/www.kinderwunschzentrum-hamburg.de\/tr\/wp-json\/wp\/v2\/types\/page"}],"author":[{"embeddable":true,"href":"https:\/\/www.kinderwunschzentrum-hamburg.de\/tr\/wp-json\/wp\/v2\/users\/5"}],"replies":[{"embeddable":true,"href":"https:\/\/www.kinderwunschzentrum-hamburg.de\/tr\/wp-json\/wp\/v2\/comments?post=6112"}],"version-history":[{"count":2,"href":"https:\/\/www.kinderwunschzentrum-hamburg.de\/tr\/wp-json\/wp\/v2\/pages\/6112\/revisions"}],"predecessor-version":[{"id":6729,"href":"https:\/\/www.kinderwunschzentrum-hamburg.de\/tr\/wp-json\/wp\/v2\/pages\/6112\/revisions\/6729"}],"wp:attachment":[{"href":"https:\/\/www.kinderwunschzentrum-hamburg.de\/tr\/wp-json\/wp\/v2\/media?parent=6112"}],"curies":[{"name":"wp","href":"https:\/\/api.w.org\/{rel}","templated":true}]}}