{"id":6141,"date":"2014-06-26T13:03:44","date_gmt":"2014-06-26T11:03:44","guid":{"rendered":"https:\/\/www.kinderwunschzentrum-hamburg.de\/follikelpunktion\/"},"modified":"2025-03-17T14:33:16","modified_gmt":"2025-03-17T12:33:16","slug":"follikelpunktion","status":"publish","type":"page","link":"https:\/\/www.kinderwunschzentrum-hamburg.de\/tr\/ihr-kinderwunsch-kinderpraxisklinik-fleetinsel-hamburg\/wege-zum-wunschkind\/therapie\/follikelpunktion\/","title":{"rendered":"Folik\u00fcler ponksiyon"},"content":{"rendered":"<h2>F\u00fcr eine k\u00fcnstliche Befruchtung mittels In-vitro-Fertilisation oder Intrazytoplasmatischer Spermiuminjektion m\u00fcssen zun\u00e4chst weibliche Eizellen aus den Eibl\u00e4schen entnommen werden.<\/h2>\n<p>Sind nach der hormonellen Stimulation gen\u00fcgend Eibl\u00e4schen herangereift, werden diese 36 Stunden nach der Hormongabe zur Ausl\u00f6sung des Eisprungs \u2013 und noch bevor der Eisprung stattgefunden hat \u2013 punktiert. Das hei\u00dft: Mithilfe einer feinen Nadel gelangt Ihr Reproduktionsmediziner in den Eierstock und entnimmt vorsichtig die Eizellen. Am Bildschirm seines Ultraschallger\u00e4ts kann er jeden seiner Handgriffe genauestens verfolgen und ganz behutsam vorgehen. Der Eingriff dauert weniger als 20 Minuten und wird unter einer kurzen Vollnarkose durchgef\u00fchrt.<\/p>\n","protected":false},"excerpt":{"rendered":"<p>F\u00fcr eine k\u00fcnstliche Befruchtung mittels In-vitro-Fertilisation oder Intrazytoplasmatischer Spermiuminjektion m\u00fcssen zun\u00e4chst weibliche Eizellen aus den Eibl\u00e4schen entnommen werden. Sind nach der hormonellen Stimulation gen\u00fcgend Eibl\u00e4schen herangereift, werden diese 36 Stunden nach der Hormongabe zur Ausl\u00f6sung des Eisprungs \u2013 und noch bevor der Eisprung stattgefunden hat \u2013 punktiert. Das hei\u00dft: Mithilfe einer feinen Nadel gelangt Ihr [&hellip;]<\/p>\n","protected":false},"author":6,"featured_media":0,"parent":6262,"menu_order":0,"comment_status":"open","ping_status":"open","template":"","meta":{"_acf_changed":false,"inline_featured_image":false,"footnotes":""},"class_list":["post-6141","page","type-page","status-publish","hentry"],"acf":[],"yoast_head":"<!-- This site is optimized with the Yoast SEO plugin v24.0 - https:\/\/yoast.com\/wordpress\/plugins\/seo\/ -->\n<title>Folik\u00fcler ponksiyon - Kinderwunschzentrum Hamburg Fleetinsel | Hamburg, Kinderwunsch, k\u00fcnstliche Befruchtung, ICSI, Endometriose, Reproduktionsmedizin, IVF, Insemination, Kinderlosigkeit, Fertilisation, Wunschkind, kinderwunschzentrum, babywunsch, Refertilisierung, Spermabank, fertilitycenter<\/title>\n<meta name=\"robots\" content=\"index, follow, max-snippet:-1, max-image-preview:large, max-video-preview:-1\" \/>\n<link rel=\"canonical\" href=\"https:\/\/www.kinderwunschzentrum-hamburg.de\/tr\/ihr-kinderwunsch-kinderpraxisklinik-fleetinsel-hamburg\/wege-zum-wunschkind\/therapie\/follikelpunktion\/\" \/>\n<meta property=\"og:locale\" content=\"tr_TR\" \/>\n<meta property=\"og:type\" content=\"article\" \/>\n<meta property=\"og:title\" content=\"Folik\u00fcler ponksiyon - Kinderwunschzentrum Hamburg Fleetinsel | Hamburg, Kinderwunsch, k\u00fcnstliche Befruchtung, ICSI, Endometriose, Reproduktionsmedizin, IVF, Insemination, Kinderlosigkeit, Fertilisation, Wunschkind, kinderwunschzentrum, babywunsch, Refertilisierung, Spermabank, fertilitycenter\" \/>\n<meta property=\"og:description\" content=\"F\u00fcr eine k\u00fcnstliche Befruchtung mittels In-vitro-Fertilisation oder Intrazytoplasmatischer Spermiuminjektion m\u00fcssen zun\u00e4chst weibliche Eizellen aus den Eibl\u00e4schen entnommen werden. Sind nach der hormonellen Stimulation gen\u00fcgend Eibl\u00e4schen herangereift, werden diese 36 Stunden nach der Hormongabe zur Ausl\u00f6sung des Eisprungs \u2013 und noch bevor der Eisprung stattgefunden hat \u2013 punktiert. Das hei\u00dft: Mithilfe einer feinen Nadel gelangt Ihr [&hellip;]\" \/>\n<meta property=\"og:url\" content=\"https:\/\/www.kinderwunschzentrum-hamburg.de\/tr\/ihr-kinderwunsch-kinderpraxisklinik-fleetinsel-hamburg\/wege-zum-wunschkind\/therapie\/follikelpunktion\/\" \/>\n<meta property=\"og:site_name\" content=\"Kinderwunschzentrum Hamburg Fleetinsel | Hamburg, Kinderwunsch, k\u00fcnstliche Befruchtung, ICSI, Endometriose, Reproduktionsmedizin, IVF, Insemination, Kinderlosigkeit, Fertilisation, Wunschkind, kinderwunschzentrum, babywunsch, Refertilisierung, Spermabank, fertilitycenter\" \/>\n<meta property=\"article:modified_time\" content=\"2025-03-17T12:33:16+00:00\" \/>\n<meta name=\"twitter:card\" content=\"summary_large_image\" \/>\n<meta name=\"twitter:label1\" content=\"Tahmini okuma s\u00fcresi\" \/>\n\t<meta name=\"twitter:data1\" content=\"1 dakika\" \/>\n<script type=\"application\/ld+json\" class=\"yoast-schema-graph\">{\"@context\":\"https:\/\/schema.org\",\"@graph\":[{\"@type\":\"WebPage\",\"@id\":\"https:\/\/www.kinderwunschzentrum-hamburg.de\/tr\/ihr-kinderwunsch-kinderpraxisklinik-fleetinsel-hamburg\/wege-zum-wunschkind\/therapie\/follikelpunktion\/\",\"url\":\"https:\/\/www.kinderwunschzentrum-hamburg.de\/tr\/ihr-kinderwunsch-kinderpraxisklinik-fleetinsel-hamburg\/wege-zum-wunschkind\/therapie\/follikelpunktion\/\",\"name\":\"Folik\u00fcler ponksiyon - Kinderwunschzentrum Hamburg Fleetinsel | Hamburg, Kinderwunsch, k\u00fcnstliche Befruchtung, ICSI, Endometriose, Reproduktionsmedizin, IVF, Insemination, Kinderlosigkeit, Fertilisation, Wunschkind, kinderwunschzentrum, babywunsch, Refertilisierung, Spermabank, fertilitycenter\",\"isPartOf\":{\"@id\":\"https:\/\/www.kinderwunschzentrum-hamburg.de\/tr\/#website\"},\"datePublished\":\"2014-06-26T11:03:44+00:00\",\"dateModified\":\"2025-03-17T12:33:16+00:00\",\"breadcrumb\":{\"@id\":\"https:\/\/www.kinderwunschzentrum-hamburg.de\/tr\/ihr-kinderwunsch-kinderpraxisklinik-fleetinsel-hamburg\/wege-zum-wunschkind\/therapie\/follikelpunktion\/#breadcrumb\"},\"inLanguage\":\"tr\",\"potentialAction\":[{\"@type\":\"ReadAction\",\"target\":[\"https:\/\/www.kinderwunschzentrum-hamburg.de\/tr\/ihr-kinderwunsch-kinderpraxisklinik-fleetinsel-hamburg\/wege-zum-wunschkind\/therapie\/follikelpunktion\/\"]}]},{\"@type\":\"BreadcrumbList\",\"@id\":\"https:\/\/www.kinderwunschzentrum-hamburg.de\/tr\/ihr-kinderwunsch-kinderpraxisklinik-fleetinsel-hamburg\/wege-zum-wunschkind\/therapie\/follikelpunktion\/#breadcrumb\",\"itemListElement\":[{\"@type\":\"ListItem\",\"position\":1,\"name\":\"Startseite\",\"item\":\"https:\/\/www.kinderwunschzentrum-hamburg.de\/tr\/\"},{\"@type\":\"ListItem\",\"position\":2,\"name\":\"\u00c7ocuk sahibi olma arzunuz\",\"item\":\"https:\/\/www.kinderwunschzentrum-hamburg.de\/tr\/ihr-kinderwunsch-kinderpraxisklinik-fleetinsel-hamburg\/\"},{\"@type\":\"ListItem\",\"position\":3,\"name\":\"\u0130stedi\u011finiz \u00e7ocu\u011fa giden yollar\",\"item\":\"https:\/\/www.kinderwunschzentrum-hamburg.de\/tr\/ihr-kinderwunsch-kinderpraxisklinik-fleetinsel-hamburg\/wege-zum-wunschkind\/\"},{\"@type\":\"ListItem\",\"position\":4,\"name\":\"Terapi\",\"item\":\"https:\/\/www.kinderwunschzentrum-hamburg.de\/tr\/ihr-kinderwunsch-kinderpraxisklinik-fleetinsel-hamburg\/wege-zum-wunschkind\/therapie\/\"},{\"@type\":\"ListItem\",\"position\":5,\"name\":\"Folik\u00fcler ponksiyon\"}]},{\"@type\":\"WebSite\",\"@id\":\"https:\/\/www.kinderwunschzentrum-hamburg.de\/tr\/#website\",\"url\":\"https:\/\/www.kinderwunschzentrum-hamburg.de\/tr\/\",\"name\":\"Kinderwunschzentrum Hamburg Fleetinsel | Hamburg, Kinderwunsch, k\u00fcnstliche Befruchtung, ICSI, Endometriose, Reproduktionsmedizin, IVF, Insemination, Kinderlosigkeit, Fertilisation, Wunschkind, kinderwunschzentrum, babywunsch, Refertilisierung, Spermabank, fertilitycenter\",\"description\":\"Eine weitere WordPress-Seite\",\"potentialAction\":[{\"@type\":\"SearchAction\",\"target\":{\"@type\":\"EntryPoint\",\"urlTemplate\":\"https:\/\/www.kinderwunschzentrum-hamburg.de\/tr\/?s={search_term_string}\"},\"query-input\":{\"@type\":\"PropertyValueSpecification\",\"valueRequired\":true,\"valueName\":\"search_term_string\"}}],\"inLanguage\":\"tr\"}]}<\/script>\n<!-- \/ Yoast SEO plugin. -->","yoast_head_json":{"title":"Folik\u00fcler ponksiyon - Kinderwunschzentrum Hamburg Fleetinsel | Hamburg, Kinderwunsch, k\u00fcnstliche Befruchtung, ICSI, Endometriose, Reproduktionsmedizin, IVF, Insemination, Kinderlosigkeit, Fertilisation, Wunschkind, kinderwunschzentrum, babywunsch, Refertilisierung, Spermabank, fertilitycenter","robots":{"index":"index","follow":"follow","max-snippet":"max-snippet:-1","max-image-preview":"max-image-preview:large","max-video-preview":"max-video-preview:-1"},"canonical":"https:\/\/www.kinderwunschzentrum-hamburg.de\/tr\/ihr-kinderwunsch-kinderpraxisklinik-fleetinsel-hamburg\/wege-zum-wunschkind\/therapie\/follikelpunktion\/","og_locale":"tr_TR","og_type":"article","og_title":"Folik\u00fcler ponksiyon - Kinderwunschzentrum Hamburg Fleetinsel | Hamburg, Kinderwunsch, k\u00fcnstliche Befruchtung, ICSI, Endometriose, Reproduktionsmedizin, IVF, Insemination, Kinderlosigkeit, Fertilisation, Wunschkind, kinderwunschzentrum, babywunsch, Refertilisierung, Spermabank, fertilitycenter","og_description":"F\u00fcr eine k\u00fcnstliche Befruchtung mittels In-vitro-Fertilisation oder Intrazytoplasmatischer Spermiuminjektion m\u00fcssen zun\u00e4chst weibliche Eizellen aus den Eibl\u00e4schen entnommen werden. Sind nach der hormonellen Stimulation gen\u00fcgend Eibl\u00e4schen herangereift, werden diese 36 Stunden nach der Hormongabe zur Ausl\u00f6sung des Eisprungs \u2013 und noch bevor der Eisprung stattgefunden hat \u2013 punktiert. Das hei\u00dft: Mithilfe einer feinen Nadel gelangt Ihr [&hellip;]","og_url":"https:\/\/www.kinderwunschzentrum-hamburg.de\/tr\/ihr-kinderwunsch-kinderpraxisklinik-fleetinsel-hamburg\/wege-zum-wunschkind\/therapie\/follikelpunktion\/","og_site_name":"Kinderwunschzentrum Hamburg Fleetinsel | Hamburg, Kinderwunsch, k\u00fcnstliche Befruchtung, ICSI, Endometriose, Reproduktionsmedizin, IVF, Insemination, Kinderlosigkeit, Fertilisation, Wunschkind, kinderwunschzentrum, babywunsch, Refertilisierung, Spermabank, fertilitycenter","article_modified_time":"2025-03-17T12:33:16+00:00","twitter_card":"summary_large_image","twitter_misc":{"Tahmini okuma s\u00fcresi":"1 dakika"},"schema":{"@context":"https:\/\/schema.org","@graph":[{"@type":"WebPage","@id":"https:\/\/www.kinderwunschzentrum-hamburg.de\/tr\/ihr-kinderwunsch-kinderpraxisklinik-fleetinsel-hamburg\/wege-zum-wunschkind\/therapie\/follikelpunktion\/","url":"https:\/\/www.kinderwunschzentrum-hamburg.de\/tr\/ihr-kinderwunsch-kinderpraxisklinik-fleetinsel-hamburg\/wege-zum-wunschkind\/therapie\/follikelpunktion\/","name":"Folik\u00fcler ponksiyon - Kinderwunschzentrum Hamburg Fleetinsel | Hamburg, Kinderwunsch, k\u00fcnstliche Befruchtung, ICSI, Endometriose, Reproduktionsmedizin, IVF, Insemination, Kinderlosigkeit, Fertilisation, Wunschkind, kinderwunschzentrum, babywunsch, Refertilisierung, Spermabank, fertilitycenter","isPartOf":{"@id":"https:\/\/www.kinderwunschzentrum-hamburg.de\/tr\/#website"},"datePublished":"2014-06-26T11:03:44+00:00","dateModified":"2025-03-17T12:33:16+00:00","breadcrumb":{"@id":"https:\/\/www.kinderwunschzentrum-hamburg.de\/tr\/ihr-kinderwunsch-kinderpraxisklinik-fleetinsel-hamburg\/wege-zum-wunschkind\/therapie\/follikelpunktion\/#breadcrumb"},"inLanguage":"tr","potentialAction":[{"@type":"ReadAction","target":["https:\/\/www.kinderwunschzentrum-hamburg.de\/tr\/ihr-kinderwunsch-kinderpraxisklinik-fleetinsel-hamburg\/wege-zum-wunschkind\/therapie\/follikelpunktion\/"]}]},{"@type":"BreadcrumbList","@id":"https:\/\/www.kinderwunschzentrum-hamburg.de\/tr\/ihr-kinderwunsch-kinderpraxisklinik-fleetinsel-hamburg\/wege-zum-wunschkind\/therapie\/follikelpunktion\/#breadcrumb","itemListElement":[{"@type":"ListItem","position":1,"name":"Startseite","item":"https:\/\/www.kinderwunschzentrum-hamburg.de\/tr\/"},{"@type":"ListItem","position":2,"name":"\u00c7ocuk sahibi olma arzunuz","item":"https:\/\/www.kinderwunschzentrum-hamburg.de\/tr\/ihr-kinderwunsch-kinderpraxisklinik-fleetinsel-hamburg\/"},{"@type":"ListItem","position":3,"name":"\u0130stedi\u011finiz \u00e7ocu\u011fa giden yollar","item":"https:\/\/www.kinderwunschzentrum-hamburg.de\/tr\/ihr-kinderwunsch-kinderpraxisklinik-fleetinsel-hamburg\/wege-zum-wunschkind\/"},{"@type":"ListItem","position":4,"name":"Terapi","item":"https:\/\/www.kinderwunschzentrum-hamburg.de\/tr\/ihr-kinderwunsch-kinderpraxisklinik-fleetinsel-hamburg\/wege-zum-wunschkind\/therapie\/"},{"@type":"ListItem","position":5,"name":"Folik\u00fcler ponksiyon"}]},{"@type":"WebSite","@id":"https:\/\/www.kinderwunschzentrum-hamburg.de\/tr\/#website","url":"https:\/\/www.kinderwunschzentrum-hamburg.de\/tr\/","name":"Kinderwunschzentrum Hamburg Fleetinsel | Hamburg, Kinderwunsch, k\u00fcnstliche Befruchtung, ICSI, Endometriose, Reproduktionsmedizin, IVF, Insemination, Kinderlosigkeit, Fertilisation, Wunschkind, kinderwunschzentrum, babywunsch, Refertilisierung, Spermabank, fertilitycenter","description":"Eine weitere WordPress-Seite","potentialAction":[{"@type":"SearchAction","target":{"@type":"EntryPoint","urlTemplate":"https:\/\/www.kinderwunschzentrum-hamburg.de\/tr\/?s={search_term_string}"},"query-input":{"@type":"PropertyValueSpecification","valueRequired":true,"valueName":"search_term_string"}}],"inLanguage":"tr"}]}},"_links":{"self":[{"href":"https:\/\/www.kinderwunschzentrum-hamburg.de\/tr\/wp-json\/wp\/v2\/pages\/6141","targetHints":{"allow":["GET"]}}],"collection":[{"href":"https:\/\/www.kinderwunschzentrum-hamburg.de\/tr\/wp-json\/wp\/v2\/pages"}],"about":[{"href":"https:\/\/www.kinderwunschzentrum-hamburg.de\/tr\/wp-json\/wp\/v2\/types\/page"}],"author":[{"embeddable":true,"href":"https:\/\/www.kinderwunschzentrum-hamburg.de\/tr\/wp-json\/wp\/v2\/users\/6"}],"replies":[{"embeddable":true,"href":"https:\/\/www.kinderwunschzentrum-hamburg.de\/tr\/wp-json\/wp\/v2\/comments?post=6141"}],"version-history":[{"count":2,"href":"https:\/\/www.kinderwunschzentrum-hamburg.de\/tr\/wp-json\/wp\/v2\/pages\/6141\/revisions"}],"predecessor-version":[{"id":6698,"href":"https:\/\/www.kinderwunschzentrum-hamburg.de\/tr\/wp-json\/wp\/v2\/pages\/6141\/revisions\/6698"}],"up":[{"embeddable":true,"href":"https:\/\/www.kinderwunschzentrum-hamburg.de\/tr\/wp-json\/wp\/v2\/pages\/6262"}],"wp:attachment":[{"href":"https:\/\/www.kinderwunschzentrum-hamburg.de\/tr\/wp-json\/wp\/v2\/media?parent=6141"}],"curies":[{"name":"wp","href":"https:\/\/api.w.org\/{rel}","templated":true}]}}