{"id":6205,"date":"2014-06-26T14:45:48","date_gmt":"2014-06-26T12:45:48","guid":{"rendered":"https:\/\/www.kinderwunschzentrum-hamburg.de\/kryokonservierung\/"},"modified":"2025-03-19T12:30:23","modified_gmt":"2025-03-19T10:30:23","slug":"kryokonservierung","status":"publish","type":"page","link":"https:\/\/www.kinderwunschzentrum-hamburg.de\/tr\/ihr-kinderwunsch-kinderpraxisklinik-fleetinsel-hamburg\/wege-zum-wunschkind\/therapie\/kryokonservierung\/","title":{"rendered":"Kriyoprezervasyon"},"content":{"rendered":"<h2>Die Kryokonservierung ist eine \u00e4u\u00dferst komplexe Methode, mit der unsere Reproduktionsmediziner und -biologen sowohl Spermien und Hodengewebe sowie Eizellen \u2013 auch im Vorkernstadium \u2013 einfrieren und \u00fcber einen langen Zeitraum lagern k\u00f6nnen.<\/h2>\n<p>Bei eingeschr\u00e4nkter Samenqualit\u00e4t hat sich die Kryokonservierung von Spermien und Hodengewebe besonders bew\u00e4hrt. Direkt nach der Entnahme werden die K\u00f6rperzellen in fl\u00fcssigem Stickstoff bei bis zu minus 196 Grad tiefgefroren und in der Kinderwunschzentrum Hamburg GmbH (Institution zur Kryokonservierung), die der Kinderwunsch Praxisklinik Fleetinsel Hamburg angeschlossen ist, aufbewahrt. Diese Methode setzen wir zum Beispiel ein, wenn beim Mann wenige Spermien vorhanden sind. Oder wenn ihm eine zellzerst\u00f6rende Therapie bevorsteht, zum Beispiel eine Chemo- oder Strahlentherapie. Das Einfrieren von m\u00e4nnlichem Keimmaterial erm\u00f6glicht es Paaren au\u00dferdem, ihre Kinderwunschbehandlung ohne zeitlichen und psychischen Druck durchzuf\u00fchren.<\/p>\n<p>Auch Eizellen und befruchtete Eizellen im Vorkernstadium k\u00f6nnen auf Wunsch (oder im Fall einer bevorstehenden Chemo- oder Strahlentherapie) per Kryokonservierung aufbewahrt werden. Da wir pro Behandlungszyklus lediglich zwei beziehungsweise maximal drei Embryonen in die Geb\u00e4rmutterh\u00f6hle \u00fcbertragen, k\u00f6nnen wir verbleibende Eizellen im Vorkernstadium auf Wunsch einfrieren und sicher aufbewahren. Im sogenannten Kryo- oder Auftauzyklus werden diese Vorkernstadien im Bedarfsfall aufgetaut und zu Embryonen kultiviert, die schlie\u00dflich in die Geb\u00e4rmutterh\u00f6hle transferiert werden. Im Gegensatz zu einem kompletten IVF- oder ICSI-Behandlungszyklus erspart dies Frauen die erneute hormonelle Stimulation und Punktion der Eierst\u00f6cke.<\/p>\n<h3><em>Die Kryokonservierung gilt seit Jahren als sicheres und bew\u00e4hrtes Verfahren. Die Chance auf den Eintritt einer Schwangerschaft ist allgemein allerdings etwas niedriger als bei k\u00fcnstlicher Befruchtung nach hormoneller Stimulation mit Follikelpunktion und direkter Embryonenr\u00fcckgabe.<\/em><\/h3>\n","protected":false},"excerpt":{"rendered":"<p>Die Kryokonservierung ist eine \u00e4u\u00dferst komplexe Methode, mit der unsere Reproduktionsmediziner und -biologen sowohl Spermien und Hodengewebe sowie Eizellen \u2013 auch im Vorkernstadium \u2013 einfrieren und \u00fcber einen langen Zeitraum lagern k\u00f6nnen. Bei eingeschr\u00e4nkter Samenqualit\u00e4t hat sich die Kryokonservierung von Spermien und Hodengewebe besonders bew\u00e4hrt. Direkt nach der Entnahme werden die K\u00f6rperzellen in fl\u00fcssigem Stickstoff [&hellip;]<\/p>\n","protected":false},"author":6,"featured_media":0,"parent":6262,"menu_order":0,"comment_status":"open","ping_status":"open","template":"","meta":{"_acf_changed":false,"inline_featured_image":false,"footnotes":""},"class_list":["post-6205","page","type-page","status-publish","hentry"],"acf":[],"yoast_head":"<!-- This site is optimized with the Yoast SEO plugin v24.0 - https:\/\/yoast.com\/wordpress\/plugins\/seo\/ -->\n<title>Kriyoprezervasyon - Kinderwunschzentrum Hamburg Fleetinsel | Hamburg, Kinderwunsch, k\u00fcnstliche Befruchtung, ICSI, Endometriose, Reproduktionsmedizin, IVF, Insemination, Kinderlosigkeit, Fertilisation, Wunschkind, kinderwunschzentrum, babywunsch, Refertilisierung, Spermabank, fertilitycenter<\/title>\n<meta name=\"robots\" content=\"index, follow, max-snippet:-1, max-image-preview:large, max-video-preview:-1\" \/>\n<link rel=\"canonical\" href=\"https:\/\/www.kinderwunschzentrum-hamburg.de\/tr\/ihr-kinderwunsch-kinderpraxisklinik-fleetinsel-hamburg\/wege-zum-wunschkind\/therapie\/kryokonservierung\/\" \/>\n<meta property=\"og:locale\" content=\"tr_TR\" \/>\n<meta property=\"og:type\" content=\"article\" \/>\n<meta property=\"og:title\" content=\"Kriyoprezervasyon - Kinderwunschzentrum Hamburg Fleetinsel | Hamburg, Kinderwunsch, k\u00fcnstliche Befruchtung, ICSI, Endometriose, Reproduktionsmedizin, IVF, Insemination, Kinderlosigkeit, Fertilisation, Wunschkind, kinderwunschzentrum, babywunsch, Refertilisierung, Spermabank, fertilitycenter\" \/>\n<meta property=\"og:description\" content=\"Die Kryokonservierung ist eine \u00e4u\u00dferst komplexe Methode, mit der unsere Reproduktionsmediziner und -biologen sowohl Spermien und Hodengewebe sowie Eizellen \u2013 auch im Vorkernstadium \u2013 einfrieren und \u00fcber einen langen Zeitraum lagern k\u00f6nnen. Bei eingeschr\u00e4nkter Samenqualit\u00e4t hat sich die Kryokonservierung von Spermien und Hodengewebe besonders bew\u00e4hrt. Direkt nach der Entnahme werden die K\u00f6rperzellen in fl\u00fcssigem Stickstoff [&hellip;]\" \/>\n<meta property=\"og:url\" content=\"https:\/\/www.kinderwunschzentrum-hamburg.de\/tr\/ihr-kinderwunsch-kinderpraxisklinik-fleetinsel-hamburg\/wege-zum-wunschkind\/therapie\/kryokonservierung\/\" \/>\n<meta property=\"og:site_name\" content=\"Kinderwunschzentrum Hamburg Fleetinsel | Hamburg, Kinderwunsch, k\u00fcnstliche Befruchtung, ICSI, Endometriose, Reproduktionsmedizin, IVF, Insemination, Kinderlosigkeit, Fertilisation, Wunschkind, kinderwunschzentrum, babywunsch, Refertilisierung, Spermabank, fertilitycenter\" \/>\n<meta property=\"article:modified_time\" content=\"2025-03-19T10:30:23+00:00\" \/>\n<meta name=\"twitter:card\" content=\"summary_large_image\" \/>\n<meta name=\"twitter:label1\" content=\"Tahmini okuma s\u00fcresi\" \/>\n\t<meta name=\"twitter:data1\" content=\"2 dakika\" \/>\n<script type=\"application\/ld+json\" class=\"yoast-schema-graph\">{\"@context\":\"https:\/\/schema.org\",\"@graph\":[{\"@type\":\"WebPage\",\"@id\":\"https:\/\/www.kinderwunschzentrum-hamburg.de\/tr\/ihr-kinderwunsch-kinderpraxisklinik-fleetinsel-hamburg\/wege-zum-wunschkind\/therapie\/kryokonservierung\/\",\"url\":\"https:\/\/www.kinderwunschzentrum-hamburg.de\/tr\/ihr-kinderwunsch-kinderpraxisklinik-fleetinsel-hamburg\/wege-zum-wunschkind\/therapie\/kryokonservierung\/\",\"name\":\"Kriyoprezervasyon - Kinderwunschzentrum Hamburg Fleetinsel | Hamburg, Kinderwunsch, k\u00fcnstliche Befruchtung, ICSI, Endometriose, Reproduktionsmedizin, IVF, Insemination, Kinderlosigkeit, Fertilisation, Wunschkind, kinderwunschzentrum, babywunsch, Refertilisierung, Spermabank, fertilitycenter\",\"isPartOf\":{\"@id\":\"https:\/\/www.kinderwunschzentrum-hamburg.de\/tr\/#website\"},\"datePublished\":\"2014-06-26T12:45:48+00:00\",\"dateModified\":\"2025-03-19T10:30:23+00:00\",\"breadcrumb\":{\"@id\":\"https:\/\/www.kinderwunschzentrum-hamburg.de\/tr\/ihr-kinderwunsch-kinderpraxisklinik-fleetinsel-hamburg\/wege-zum-wunschkind\/therapie\/kryokonservierung\/#breadcrumb\"},\"inLanguage\":\"tr\",\"potentialAction\":[{\"@type\":\"ReadAction\",\"target\":[\"https:\/\/www.kinderwunschzentrum-hamburg.de\/tr\/ihr-kinderwunsch-kinderpraxisklinik-fleetinsel-hamburg\/wege-zum-wunschkind\/therapie\/kryokonservierung\/\"]}]},{\"@type\":\"BreadcrumbList\",\"@id\":\"https:\/\/www.kinderwunschzentrum-hamburg.de\/tr\/ihr-kinderwunsch-kinderpraxisklinik-fleetinsel-hamburg\/wege-zum-wunschkind\/therapie\/kryokonservierung\/#breadcrumb\",\"itemListElement\":[{\"@type\":\"ListItem\",\"position\":1,\"name\":\"Startseite\",\"item\":\"https:\/\/www.kinderwunschzentrum-hamburg.de\/tr\/\"},{\"@type\":\"ListItem\",\"position\":2,\"name\":\"\u00c7ocuk sahibi olma arzunuz\",\"item\":\"https:\/\/www.kinderwunschzentrum-hamburg.de\/tr\/ihr-kinderwunsch-kinderpraxisklinik-fleetinsel-hamburg\/\"},{\"@type\":\"ListItem\",\"position\":3,\"name\":\"\u0130stedi\u011finiz \u00e7ocu\u011fa giden yollar\",\"item\":\"https:\/\/www.kinderwunschzentrum-hamburg.de\/tr\/ihr-kinderwunsch-kinderpraxisklinik-fleetinsel-hamburg\/wege-zum-wunschkind\/\"},{\"@type\":\"ListItem\",\"position\":4,\"name\":\"Terapi\",\"item\":\"https:\/\/www.kinderwunschzentrum-hamburg.de\/tr\/ihr-kinderwunsch-kinderpraxisklinik-fleetinsel-hamburg\/wege-zum-wunschkind\/therapie\/\"},{\"@type\":\"ListItem\",\"position\":5,\"name\":\"Kriyoprezervasyon\"}]},{\"@type\":\"WebSite\",\"@id\":\"https:\/\/www.kinderwunschzentrum-hamburg.de\/tr\/#website\",\"url\":\"https:\/\/www.kinderwunschzentrum-hamburg.de\/tr\/\",\"name\":\"Kinderwunschzentrum Hamburg Fleetinsel | Hamburg, Kinderwunsch, k\u00fcnstliche Befruchtung, ICSI, Endometriose, Reproduktionsmedizin, IVF, Insemination, Kinderlosigkeit, Fertilisation, Wunschkind, kinderwunschzentrum, babywunsch, Refertilisierung, Spermabank, fertilitycenter\",\"description\":\"Eine weitere WordPress-Seite\",\"potentialAction\":[{\"@type\":\"SearchAction\",\"target\":{\"@type\":\"EntryPoint\",\"urlTemplate\":\"https:\/\/www.kinderwunschzentrum-hamburg.de\/tr\/?s={search_term_string}\"},\"query-input\":{\"@type\":\"PropertyValueSpecification\",\"valueRequired\":true,\"valueName\":\"search_term_string\"}}],\"inLanguage\":\"tr\"}]}<\/script>\n<!-- \/ Yoast SEO plugin. -->","yoast_head_json":{"title":"Kriyoprezervasyon - Kinderwunschzentrum Hamburg Fleetinsel | Hamburg, Kinderwunsch, k\u00fcnstliche Befruchtung, ICSI, Endometriose, Reproduktionsmedizin, IVF, Insemination, Kinderlosigkeit, Fertilisation, Wunschkind, kinderwunschzentrum, babywunsch, Refertilisierung, Spermabank, fertilitycenter","robots":{"index":"index","follow":"follow","max-snippet":"max-snippet:-1","max-image-preview":"max-image-preview:large","max-video-preview":"max-video-preview:-1"},"canonical":"https:\/\/www.kinderwunschzentrum-hamburg.de\/tr\/ihr-kinderwunsch-kinderpraxisklinik-fleetinsel-hamburg\/wege-zum-wunschkind\/therapie\/kryokonservierung\/","og_locale":"tr_TR","og_type":"article","og_title":"Kriyoprezervasyon - Kinderwunschzentrum Hamburg Fleetinsel | Hamburg, Kinderwunsch, k\u00fcnstliche Befruchtung, ICSI, Endometriose, Reproduktionsmedizin, IVF, Insemination, Kinderlosigkeit, Fertilisation, Wunschkind, kinderwunschzentrum, babywunsch, Refertilisierung, Spermabank, fertilitycenter","og_description":"Die Kryokonservierung ist eine \u00e4u\u00dferst komplexe Methode, mit der unsere Reproduktionsmediziner und -biologen sowohl Spermien und Hodengewebe sowie Eizellen \u2013 auch im Vorkernstadium \u2013 einfrieren und \u00fcber einen langen Zeitraum lagern k\u00f6nnen. Bei eingeschr\u00e4nkter Samenqualit\u00e4t hat sich die Kryokonservierung von Spermien und Hodengewebe besonders bew\u00e4hrt. Direkt nach der Entnahme werden die K\u00f6rperzellen in fl\u00fcssigem Stickstoff [&hellip;]","og_url":"https:\/\/www.kinderwunschzentrum-hamburg.de\/tr\/ihr-kinderwunsch-kinderpraxisklinik-fleetinsel-hamburg\/wege-zum-wunschkind\/therapie\/kryokonservierung\/","og_site_name":"Kinderwunschzentrum Hamburg Fleetinsel | Hamburg, Kinderwunsch, k\u00fcnstliche Befruchtung, ICSI, Endometriose, Reproduktionsmedizin, IVF, Insemination, Kinderlosigkeit, Fertilisation, Wunschkind, kinderwunschzentrum, babywunsch, Refertilisierung, Spermabank, fertilitycenter","article_modified_time":"2025-03-19T10:30:23+00:00","twitter_card":"summary_large_image","twitter_misc":{"Tahmini okuma s\u00fcresi":"2 dakika"},"schema":{"@context":"https:\/\/schema.org","@graph":[{"@type":"WebPage","@id":"https:\/\/www.kinderwunschzentrum-hamburg.de\/tr\/ihr-kinderwunsch-kinderpraxisklinik-fleetinsel-hamburg\/wege-zum-wunschkind\/therapie\/kryokonservierung\/","url":"https:\/\/www.kinderwunschzentrum-hamburg.de\/tr\/ihr-kinderwunsch-kinderpraxisklinik-fleetinsel-hamburg\/wege-zum-wunschkind\/therapie\/kryokonservierung\/","name":"Kriyoprezervasyon - Kinderwunschzentrum Hamburg Fleetinsel | Hamburg, Kinderwunsch, k\u00fcnstliche Befruchtung, ICSI, Endometriose, Reproduktionsmedizin, IVF, Insemination, Kinderlosigkeit, Fertilisation, Wunschkind, kinderwunschzentrum, babywunsch, Refertilisierung, Spermabank, fertilitycenter","isPartOf":{"@id":"https:\/\/www.kinderwunschzentrum-hamburg.de\/tr\/#website"},"datePublished":"2014-06-26T12:45:48+00:00","dateModified":"2025-03-19T10:30:23+00:00","breadcrumb":{"@id":"https:\/\/www.kinderwunschzentrum-hamburg.de\/tr\/ihr-kinderwunsch-kinderpraxisklinik-fleetinsel-hamburg\/wege-zum-wunschkind\/therapie\/kryokonservierung\/#breadcrumb"},"inLanguage":"tr","potentialAction":[{"@type":"ReadAction","target":["https:\/\/www.kinderwunschzentrum-hamburg.de\/tr\/ihr-kinderwunsch-kinderpraxisklinik-fleetinsel-hamburg\/wege-zum-wunschkind\/therapie\/kryokonservierung\/"]}]},{"@type":"BreadcrumbList","@id":"https:\/\/www.kinderwunschzentrum-hamburg.de\/tr\/ihr-kinderwunsch-kinderpraxisklinik-fleetinsel-hamburg\/wege-zum-wunschkind\/therapie\/kryokonservierung\/#breadcrumb","itemListElement":[{"@type":"ListItem","position":1,"name":"Startseite","item":"https:\/\/www.kinderwunschzentrum-hamburg.de\/tr\/"},{"@type":"ListItem","position":2,"name":"\u00c7ocuk sahibi olma arzunuz","item":"https:\/\/www.kinderwunschzentrum-hamburg.de\/tr\/ihr-kinderwunsch-kinderpraxisklinik-fleetinsel-hamburg\/"},{"@type":"ListItem","position":3,"name":"\u0130stedi\u011finiz \u00e7ocu\u011fa giden yollar","item":"https:\/\/www.kinderwunschzentrum-hamburg.de\/tr\/ihr-kinderwunsch-kinderpraxisklinik-fleetinsel-hamburg\/wege-zum-wunschkind\/"},{"@type":"ListItem","position":4,"name":"Terapi","item":"https:\/\/www.kinderwunschzentrum-hamburg.de\/tr\/ihr-kinderwunsch-kinderpraxisklinik-fleetinsel-hamburg\/wege-zum-wunschkind\/therapie\/"},{"@type":"ListItem","position":5,"name":"Kriyoprezervasyon"}]},{"@type":"WebSite","@id":"https:\/\/www.kinderwunschzentrum-hamburg.de\/tr\/#website","url":"https:\/\/www.kinderwunschzentrum-hamburg.de\/tr\/","name":"Kinderwunschzentrum Hamburg Fleetinsel | Hamburg, Kinderwunsch, k\u00fcnstliche Befruchtung, ICSI, Endometriose, Reproduktionsmedizin, IVF, Insemination, Kinderlosigkeit, Fertilisation, Wunschkind, kinderwunschzentrum, babywunsch, Refertilisierung, Spermabank, fertilitycenter","description":"Eine weitere WordPress-Seite","potentialAction":[{"@type":"SearchAction","target":{"@type":"EntryPoint","urlTemplate":"https:\/\/www.kinderwunschzentrum-hamburg.de\/tr\/?s={search_term_string}"},"query-input":{"@type":"PropertyValueSpecification","valueRequired":true,"valueName":"search_term_string"}}],"inLanguage":"tr"}]}},"_links":{"self":[{"href":"https:\/\/www.kinderwunschzentrum-hamburg.de\/tr\/wp-json\/wp\/v2\/pages\/6205","targetHints":{"allow":["GET"]}}],"collection":[{"href":"https:\/\/www.kinderwunschzentrum-hamburg.de\/tr\/wp-json\/wp\/v2\/pages"}],"about":[{"href":"https:\/\/www.kinderwunschzentrum-hamburg.de\/tr\/wp-json\/wp\/v2\/types\/page"}],"author":[{"embeddable":true,"href":"https:\/\/www.kinderwunschzentrum-hamburg.de\/tr\/wp-json\/wp\/v2\/users\/6"}],"replies":[{"embeddable":true,"href":"https:\/\/www.kinderwunschzentrum-hamburg.de\/tr\/wp-json\/wp\/v2\/comments?post=6205"}],"version-history":[{"count":2,"href":"https:\/\/www.kinderwunschzentrum-hamburg.de\/tr\/wp-json\/wp\/v2\/pages\/6205\/revisions"}],"predecessor-version":[{"id":6710,"href":"https:\/\/www.kinderwunschzentrum-hamburg.de\/tr\/wp-json\/wp\/v2\/pages\/6205\/revisions\/6710"}],"up":[{"embeddable":true,"href":"https:\/\/www.kinderwunschzentrum-hamburg.de\/tr\/wp-json\/wp\/v2\/pages\/6262"}],"wp:attachment":[{"href":"https:\/\/www.kinderwunschzentrum-hamburg.de\/tr\/wp-json\/wp\/v2\/media?parent=6205"}],"curies":[{"name":"wp","href":"https:\/\/api.w.org\/{rel}","templated":true}]}}