{"id":6211,"date":"2023-09-14T11:36:02","date_gmt":"2023-09-14T09:36:02","guid":{"rendered":"https:\/\/www.kinderwunschzentrum-hamburg.de\/medical-freezing\/"},"modified":"2025-01-15T14:40:26","modified_gmt":"2025-01-15T12:40:26","slug":"medical-freezing","status":"publish","type":"page","link":"https:\/\/www.kinderwunschzentrum-hamburg.de\/tr\/ihr-kinderwunsch-kinderpraxisklinik-fleetinsel-hamburg\/wege-zum-wunschkind\/therapie\/medical-freezing\/","title":{"rendered":"T\u0131bbi dondurma"},"content":{"rendered":"","protected":false},"excerpt":{"rendered":"","protected":false},"author":5,"featured_media":0,"parent":6262,"menu_order":0,"comment_status":"closed","ping_status":"closed","template":"","meta":{"_acf_changed":false,"inline_featured_image":false,"footnotes":""},"class_list":["post-6211","page","type-page","status-publish","hentry"],"acf":[],"yoast_head":"<!-- This site is optimized with the Yoast SEO plugin v24.0 - https:\/\/yoast.com\/wordpress\/plugins\/seo\/ -->\n<title>Medical Freezing Kinderwunschzentrum Fleetinsel Hamburg<\/title>\n<meta name=\"description\" content=\"Wir stehen Ihnen in der Kinderwunsch Praxisklinik Fleetinsel speziell f\u00fcr das Medical Freezing auch kurzfristig zur Verf\u00fcgung. Die medizinische Keimzellkonservierung erm\u00f6glicht es sowohl Frauen als auch M\u00e4nnern, ihren Kinderwunsch nach einer Krebsbehandlung zu erf\u00fcllen.\" \/>\n<meta name=\"robots\" content=\"index, follow, max-snippet:-1, max-image-preview:large, max-video-preview:-1\" \/>\n<link rel=\"canonical\" href=\"https:\/\/www.kinderwunschzentrum-hamburg.de\/tr\/ihr-kinderwunsch-kinderpraxisklinik-fleetinsel-hamburg\/wege-zum-wunschkind\/therapie\/medical-freezing\/\" \/>\n<meta property=\"og:locale\" content=\"tr_TR\" \/>\n<meta property=\"og:type\" content=\"article\" \/>\n<meta property=\"og:title\" content=\"Medical Freezing Kinderwunschzentrum Fleetinsel Hamburg\" \/>\n<meta property=\"og:description\" content=\"Wir stehen Ihnen in der Kinderwunsch Praxisklinik Fleetinsel speziell f\u00fcr das Medical Freezing auch kurzfristig zur Verf\u00fcgung. Die medizinische Keimzellkonservierung erm\u00f6glicht es sowohl Frauen als auch M\u00e4nnern, ihren Kinderwunsch nach einer Krebsbehandlung zu erf\u00fcllen.\" \/>\n<meta property=\"og:url\" content=\"https:\/\/www.kinderwunschzentrum-hamburg.de\/tr\/ihr-kinderwunsch-kinderpraxisklinik-fleetinsel-hamburg\/wege-zum-wunschkind\/therapie\/medical-freezing\/\" \/>\n<meta property=\"og:site_name\" content=\"Kinderwunschzentrum Hamburg Fleetinsel | Hamburg, Kinderwunsch, k\u00fcnstliche Befruchtung, ICSI, Endometriose, Reproduktionsmedizin, IVF, Insemination, Kinderlosigkeit, Fertilisation, Wunschkind, kinderwunschzentrum, babywunsch, Refertilisierung, Spermabank, fertilitycenter\" \/>\n<meta property=\"article:modified_time\" content=\"2025-01-15T12:40:26+00:00\" \/>\n<meta name=\"twitter:card\" content=\"summary_large_image\" \/>\n<script type=\"application\/ld+json\" class=\"yoast-schema-graph\">{\"@context\":\"https:\/\/schema.org\",\"@graph\":[{\"@type\":\"WebPage\",\"@id\":\"https:\/\/www.kinderwunschzentrum-hamburg.de\/tr\/ihr-kinderwunsch-kinderpraxisklinik-fleetinsel-hamburg\/wege-zum-wunschkind\/therapie\/medical-freezing\/\",\"url\":\"https:\/\/www.kinderwunschzentrum-hamburg.de\/tr\/ihr-kinderwunsch-kinderpraxisklinik-fleetinsel-hamburg\/wege-zum-wunschkind\/therapie\/medical-freezing\/\",\"name\":\"Medical Freezing Kinderwunschzentrum Fleetinsel Hamburg\",\"isPartOf\":{\"@id\":\"https:\/\/www.kinderwunschzentrum-hamburg.de\/tr\/#website\"},\"datePublished\":\"2023-09-14T09:36:02+00:00\",\"dateModified\":\"2025-01-15T12:40:26+00:00\",\"description\":\"Wir stehen Ihnen in der Kinderwunsch Praxisklinik Fleetinsel speziell f\u00fcr das Medical Freezing auch kurzfristig zur Verf\u00fcgung. Die medizinische Keimzellkonservierung erm\u00f6glicht es sowohl Frauen als auch M\u00e4nnern, ihren Kinderwunsch nach einer Krebsbehandlung zu erf\u00fcllen.\",\"breadcrumb\":{\"@id\":\"https:\/\/www.kinderwunschzentrum-hamburg.de\/tr\/ihr-kinderwunsch-kinderpraxisklinik-fleetinsel-hamburg\/wege-zum-wunschkind\/therapie\/medical-freezing\/#breadcrumb\"},\"inLanguage\":\"tr\",\"potentialAction\":[{\"@type\":\"ReadAction\",\"target\":[\"https:\/\/www.kinderwunschzentrum-hamburg.de\/tr\/ihr-kinderwunsch-kinderpraxisklinik-fleetinsel-hamburg\/wege-zum-wunschkind\/therapie\/medical-freezing\/\"]}]},{\"@type\":\"BreadcrumbList\",\"@id\":\"https:\/\/www.kinderwunschzentrum-hamburg.de\/tr\/ihr-kinderwunsch-kinderpraxisklinik-fleetinsel-hamburg\/wege-zum-wunschkind\/therapie\/medical-freezing\/#breadcrumb\",\"itemListElement\":[{\"@type\":\"ListItem\",\"position\":1,\"name\":\"Startseite\",\"item\":\"https:\/\/www.kinderwunschzentrum-hamburg.de\/tr\/\"},{\"@type\":\"ListItem\",\"position\":2,\"name\":\"T\u0131bbi dondurma\"}]},{\"@type\":\"WebSite\",\"@id\":\"https:\/\/www.kinderwunschzentrum-hamburg.de\/tr\/#website\",\"url\":\"https:\/\/www.kinderwunschzentrum-hamburg.de\/tr\/\",\"name\":\"Kinderwunschzentrum Hamburg Fleetinsel | Hamburg, Kinderwunsch, k\u00fcnstliche Befruchtung, ICSI, Endometriose, Reproduktionsmedizin, IVF, Insemination, Kinderlosigkeit, Fertilisation, Wunschkind, kinderwunschzentrum, babywunsch, Refertilisierung, Spermabank, fertilitycenter\",\"description\":\"Eine weitere WordPress-Seite\",\"potentialAction\":[{\"@type\":\"SearchAction\",\"target\":{\"@type\":\"EntryPoint\",\"urlTemplate\":\"https:\/\/www.kinderwunschzentrum-hamburg.de\/tr\/?s={search_term_string}\"},\"query-input\":{\"@type\":\"PropertyValueSpecification\",\"valueRequired\":true,\"valueName\":\"search_term_string\"}}],\"inLanguage\":\"tr\"}]}<\/script>\n<!-- \/ Yoast SEO plugin. -->","yoast_head_json":{"title":"Medical Freezing Kinderwunschzentrum Fleetinsel Hamburg","description":"Wir stehen Ihnen in der Kinderwunsch Praxisklinik Fleetinsel speziell f\u00fcr das Medical Freezing auch kurzfristig zur Verf\u00fcgung. Die medizinische Keimzellkonservierung erm\u00f6glicht es sowohl Frauen als auch M\u00e4nnern, ihren Kinderwunsch nach einer Krebsbehandlung zu erf\u00fcllen.","robots":{"index":"index","follow":"follow","max-snippet":"max-snippet:-1","max-image-preview":"max-image-preview:large","max-video-preview":"max-video-preview:-1"},"canonical":"https:\/\/www.kinderwunschzentrum-hamburg.de\/tr\/ihr-kinderwunsch-kinderpraxisklinik-fleetinsel-hamburg\/wege-zum-wunschkind\/therapie\/medical-freezing\/","og_locale":"tr_TR","og_type":"article","og_title":"Medical Freezing Kinderwunschzentrum Fleetinsel Hamburg","og_description":"Wir stehen Ihnen in der Kinderwunsch Praxisklinik Fleetinsel speziell f\u00fcr das Medical Freezing auch kurzfristig zur Verf\u00fcgung. Die medizinische Keimzellkonservierung erm\u00f6glicht es sowohl Frauen als auch M\u00e4nnern, ihren Kinderwunsch nach einer Krebsbehandlung zu erf\u00fcllen.","og_url":"https:\/\/www.kinderwunschzentrum-hamburg.de\/tr\/ihr-kinderwunsch-kinderpraxisklinik-fleetinsel-hamburg\/wege-zum-wunschkind\/therapie\/medical-freezing\/","og_site_name":"Kinderwunschzentrum Hamburg Fleetinsel | Hamburg, Kinderwunsch, k\u00fcnstliche Befruchtung, ICSI, Endometriose, Reproduktionsmedizin, IVF, Insemination, Kinderlosigkeit, Fertilisation, Wunschkind, kinderwunschzentrum, babywunsch, Refertilisierung, Spermabank, fertilitycenter","article_modified_time":"2025-01-15T12:40:26+00:00","twitter_card":"summary_large_image","schema":{"@context":"https:\/\/schema.org","@graph":[{"@type":"WebPage","@id":"https:\/\/www.kinderwunschzentrum-hamburg.de\/tr\/ihr-kinderwunsch-kinderpraxisklinik-fleetinsel-hamburg\/wege-zum-wunschkind\/therapie\/medical-freezing\/","url":"https:\/\/www.kinderwunschzentrum-hamburg.de\/tr\/ihr-kinderwunsch-kinderpraxisklinik-fleetinsel-hamburg\/wege-zum-wunschkind\/therapie\/medical-freezing\/","name":"Medical Freezing Kinderwunschzentrum Fleetinsel Hamburg","isPartOf":{"@id":"https:\/\/www.kinderwunschzentrum-hamburg.de\/tr\/#website"},"datePublished":"2023-09-14T09:36:02+00:00","dateModified":"2025-01-15T12:40:26+00:00","description":"Wir stehen Ihnen in der Kinderwunsch Praxisklinik Fleetinsel speziell f\u00fcr das Medical Freezing auch kurzfristig zur Verf\u00fcgung. Die medizinische Keimzellkonservierung erm\u00f6glicht es sowohl Frauen als auch M\u00e4nnern, ihren Kinderwunsch nach einer Krebsbehandlung zu erf\u00fcllen.","breadcrumb":{"@id":"https:\/\/www.kinderwunschzentrum-hamburg.de\/tr\/ihr-kinderwunsch-kinderpraxisklinik-fleetinsel-hamburg\/wege-zum-wunschkind\/therapie\/medical-freezing\/#breadcrumb"},"inLanguage":"tr","potentialAction":[{"@type":"ReadAction","target":["https:\/\/www.kinderwunschzentrum-hamburg.de\/tr\/ihr-kinderwunsch-kinderpraxisklinik-fleetinsel-hamburg\/wege-zum-wunschkind\/therapie\/medical-freezing\/"]}]},{"@type":"BreadcrumbList","@id":"https:\/\/www.kinderwunschzentrum-hamburg.de\/tr\/ihr-kinderwunsch-kinderpraxisklinik-fleetinsel-hamburg\/wege-zum-wunschkind\/therapie\/medical-freezing\/#breadcrumb","itemListElement":[{"@type":"ListItem","position":1,"name":"Startseite","item":"https:\/\/www.kinderwunschzentrum-hamburg.de\/tr\/"},{"@type":"ListItem","position":2,"name":"T\u0131bbi dondurma"}]},{"@type":"WebSite","@id":"https:\/\/www.kinderwunschzentrum-hamburg.de\/tr\/#website","url":"https:\/\/www.kinderwunschzentrum-hamburg.de\/tr\/","name":"Kinderwunschzentrum Hamburg Fleetinsel | Hamburg, Kinderwunsch, k\u00fcnstliche Befruchtung, ICSI, Endometriose, Reproduktionsmedizin, IVF, Insemination, Kinderlosigkeit, Fertilisation, Wunschkind, kinderwunschzentrum, babywunsch, Refertilisierung, Spermabank, fertilitycenter","description":"Eine weitere WordPress-Seite","potentialAction":[{"@type":"SearchAction","target":{"@type":"EntryPoint","urlTemplate":"https:\/\/www.kinderwunschzentrum-hamburg.de\/tr\/?s={search_term_string}"},"query-input":{"@type":"PropertyValueSpecification","valueRequired":true,"valueName":"search_term_string"}}],"inLanguage":"tr"}]}},"_links":{"self":[{"href":"https:\/\/www.kinderwunschzentrum-hamburg.de\/tr\/wp-json\/wp\/v2\/pages\/6211","targetHints":{"allow":["GET"]}}],"collection":[{"href":"https:\/\/www.kinderwunschzentrum-hamburg.de\/tr\/wp-json\/wp\/v2\/pages"}],"about":[{"href":"https:\/\/www.kinderwunschzentrum-hamburg.de\/tr\/wp-json\/wp\/v2\/types\/page"}],"author":[{"embeddable":true,"href":"https:\/\/www.kinderwunschzentrum-hamburg.de\/tr\/wp-json\/wp\/v2\/users\/5"}],"replies":[{"embeddable":true,"href":"https:\/\/www.kinderwunschzentrum-hamburg.de\/tr\/wp-json\/wp\/v2\/comments?post=6211"}],"version-history":[{"count":1,"href":"https:\/\/www.kinderwunschzentrum-hamburg.de\/tr\/wp-json\/wp\/v2\/pages\/6211\/revisions"}],"predecessor-version":[{"id":6213,"href":"https:\/\/www.kinderwunschzentrum-hamburg.de\/tr\/wp-json\/wp\/v2\/pages\/6211\/revisions\/6213"}],"up":[{"embeddable":true,"href":"https:\/\/www.kinderwunschzentrum-hamburg.de\/tr\/wp-json\/wp\/v2\/pages\/6262"}],"wp:attachment":[{"href":"https:\/\/www.kinderwunschzentrum-hamburg.de\/tr\/wp-json\/wp\/v2\/media?parent=6211"}],"curies":[{"name":"wp","href":"https:\/\/api.w.org\/{rel}","templated":true}]}}