{"id":6273,"date":"2014-06-13T10:29:28","date_gmt":"2014-06-13T08:29:28","guid":{"rendered":"https:\/\/www.kinderwunschzentrum-hamburg.de\/unsere-erfolgsraten\/"},"modified":"2025-03-19T13:09:41","modified_gmt":"2025-03-19T11:09:41","slug":"unsere-erfolgsraten","status":"publish","type":"page","link":"https:\/\/www.kinderwunschzentrum-hamburg.de\/tr\/uygulama-klinigimiz\/unsere-erfolgsraten\/","title":{"rendered":"Ba\u015fari oranlarimiz"},"content":{"rendered":"<h1>UNSER ERFOLG, IHRE CHANCE<\/h1>\n<h2>F\u00fcr Sie als Paar sind die Schwangerschaftsraten, die eine Kinderwunschpraxis erzielt, von besonderem Interesse. Wir sind stolz darauf, dass unsere Behandlungsergebnisse kontinuierlich \u00fcber den durchschnittlichen Raten in Deutschland und Europa liegen.<\/h2>\n<p>Die Statistik gibt Ihnen die M\u00f6glichkeit, den Erfolg einer Kinderwunschpraxis zu pr\u00fcfen \u2013 und Ihre pers\u00f6nlichen Chancen auf ein Kind zumindest grob einsch\u00e4tzen zu k\u00f6nnen. Denken Sie dabei daran, dass die Wahrscheinlichkeit einer Schwangerschaft auch von pers\u00f6nlichen Faktoren abh\u00e4ngt, unter anderem vom Alter beider Kinderwunschpartner, von den Gr\u00fcnden f\u00fcr die Unfruchtbarkeit und der Dauer der ungewollten Kinderlosigkeit.<\/p>\n<p>In unsere Auswertungen werden ausschlie\u00dflich Schwangerschaften miteinbezogen, die durch eine Ultraschalluntersuchung nachgewiesen werden k\u00f6nnen. Sogenannte biochemische Schwangerschaften, die nur durch einen erh\u00f6hten Hormonwert charakterisiert sind, aber nicht zum Eintritt einer fortlaufenden Schwangerschaft f\u00fchren, ber\u00fccksichtigen wir prinzipiell nicht. Das erm\u00f6glicht Ihnen eine realistischere Beurteilung.<\/p>\n<p class=\"sansserif\"><b>SCHWANGERSCHAFTSRATEN IM \u00dcBERBLICK<\/b><\/p>\n<h3 class=\"sansserif\"><em>Wenn Sie sich Erfolgsraten anschauen, sollten Sie wissen, dass diese standardgem\u00e4\u00df immer pro Behandlungszyklus mit erfolgtem Embryotransfer angegeben werden.<\/em><\/h3>\n<p class=\"sansserif\"><em><br \/>\n<img loading=\"lazy\" decoding=\"async\" class=\"alignleft wp-image-3253 size-medium\" src=\"https:\/\/www.kinderwunschzentrum-hamburg.de\/wp-content\/uploads\/2020\/10\/Statistik-Brosch-2-740x740.jpg\" alt=\"\" width=\"740\" height=\"740\" srcset=\"https:\/\/www.kinderwunschzentrum-hamburg.de\/wp-content\/uploads\/2020\/10\/Statistik-Brosch-2-740x740.jpg 740w, https:\/\/www.kinderwunschzentrum-hamburg.de\/wp-content\/uploads\/2020\/10\/Statistik-Brosch-2-1024x1024.jpg 1024w, https:\/\/www.kinderwunschzentrum-hamburg.de\/wp-content\/uploads\/2020\/10\/Statistik-Brosch-2-150x150.jpg 150w, https:\/\/www.kinderwunschzentrum-hamburg.de\/wp-content\/uploads\/2020\/10\/Statistik-Brosch-2-768x768.jpg 768w, https:\/\/www.kinderwunschzentrum-hamburg.de\/wp-content\/uploads\/2020\/10\/Statistik-Brosch-2-640x640.jpg 640w, https:\/\/www.kinderwunschzentrum-hamburg.de\/wp-content\/uploads\/2020\/10\/Statistik-Brosch-2.jpg 1080w\" sizes=\"auto, (max-width: 740px) 100vw, 740px\" \/><\/em>Bitte beachten Sie: In einigen Statistiken werden sogenannte kumulative Schwangerschaftsraten aufgef\u00fchrt, das hei\u00dft: statt einem Behandlungszyklus werden drei bis vier Behandlungszyklen darin ber\u00fccksichtigt. Da bei zunehmender Anzahl der durchgef\u00fchrten Behandlungen (Versuche) mit transferierten Embryonen auch die Gesamtwahrscheinlichkeit einer Schwangerschaft steigt, f\u00e4llt das Ergebnis bei kumulativen Schwangerschaften prozentual h\u00f6her aus. Kumulative Schwangerschaftsraten lassen sich also nicht mit den Erfolgsraten eines Behandlungszyklus vergleichen.<\/p>\n<p>Weitere Daten zu k\u00fcnstlichen Befruchtungen finden Sie im <a href=\"https:\/\/www.deutsches-ivf-register.de\/\">Deutschen IVF-Register<\/a>. Hier werden j\u00e4hrlich Zahlen zu allen in Deutschland durchgef\u00fchrten IVF- und ICSI-Behandlungen unter dem Stichwort Jahresberichte ver\u00f6ffentlicht. Das Deutsche IVF-Register ist offizielles Kontrollorgan, \u00fcberwacht die Qualit\u00e4t der Kinderwunschbehandlungen in deutschen Kinderwunschzentren und erfasst j\u00e4hrlich alle IVF- und ICSI-Behandlungen.<\/p>\n<p>Selbstverst\u00e4ndlich nimmt auch die Kinderwunsch Praxisklinik Fleetinsel Hamburg an dieser anonymen Datenerfassung teil.<\/p>\n","protected":false},"excerpt":{"rendered":"<p>UNSER ERFOLG, IHRE CHANCE F\u00fcr Sie als Paar sind die Schwangerschaftsraten, die eine Kinderwunschpraxis erzielt, von besonderem Interesse. Wir sind stolz darauf, dass unsere Behandlungsergebnisse kontinuierlich \u00fcber den durchschnittlichen Raten in Deutschland und Europa liegen. Die Statistik gibt Ihnen die M\u00f6glichkeit, den Erfolg einer Kinderwunschpraxis zu pr\u00fcfen \u2013 und Ihre pers\u00f6nlichen Chancen auf ein Kind [&hellip;]<\/p>\n","protected":false},"author":9,"featured_media":0,"parent":6503,"menu_order":3,"comment_status":"open","ping_status":"open","template":"","meta":{"_acf_changed":false,"inline_featured_image":false,"footnotes":""},"class_list":["post-6273","page","type-page","status-publish","hentry"],"acf":[],"yoast_head":"<!-- This site is optimized with the Yoast SEO plugin v24.0 - https:\/\/yoast.com\/wordpress\/plugins\/seo\/ -->\n<title>Ba\u015fari oranlarimiz - Kinderwunschzentrum Hamburg Fleetinsel | Hamburg, Kinderwunsch, k\u00fcnstliche Befruchtung, ICSI, Endometriose, Reproduktionsmedizin, IVF, Insemination, Kinderlosigkeit, Fertilisation, Wunschkind, kinderwunschzentrum, babywunsch, Refertilisierung, Spermabank, fertilitycenter<\/title>\n<meta name=\"robots\" content=\"index, follow, max-snippet:-1, max-image-preview:large, max-video-preview:-1\" \/>\n<link rel=\"canonical\" href=\"https:\/\/www.kinderwunschzentrum-hamburg.de\/tr\/uygulama-klinigimiz\/unsere-erfolgsraten\/\" \/>\n<meta property=\"og:locale\" content=\"tr_TR\" \/>\n<meta property=\"og:type\" content=\"article\" \/>\n<meta property=\"og:title\" content=\"Ba\u015fari oranlarimiz - Kinderwunschzentrum Hamburg Fleetinsel | Hamburg, Kinderwunsch, k\u00fcnstliche Befruchtung, ICSI, Endometriose, Reproduktionsmedizin, IVF, Insemination, Kinderlosigkeit, Fertilisation, Wunschkind, kinderwunschzentrum, babywunsch, Refertilisierung, Spermabank, fertilitycenter\" \/>\n<meta property=\"og:description\" content=\"UNSER ERFOLG, IHRE CHANCE F\u00fcr Sie als Paar sind die Schwangerschaftsraten, die eine Kinderwunschpraxis erzielt, von besonderem Interesse. Wir sind stolz darauf, dass unsere Behandlungsergebnisse kontinuierlich \u00fcber den durchschnittlichen Raten in Deutschland und Europa liegen. Die Statistik gibt Ihnen die M\u00f6glichkeit, den Erfolg einer Kinderwunschpraxis zu pr\u00fcfen \u2013 und Ihre pers\u00f6nlichen Chancen auf ein Kind [&hellip;]\" \/>\n<meta property=\"og:url\" content=\"https:\/\/www.kinderwunschzentrum-hamburg.de\/tr\/uygulama-klinigimiz\/unsere-erfolgsraten\/\" \/>\n<meta property=\"og:site_name\" content=\"Kinderwunschzentrum Hamburg Fleetinsel | Hamburg, Kinderwunsch, k\u00fcnstliche Befruchtung, ICSI, Endometriose, Reproduktionsmedizin, IVF, Insemination, Kinderlosigkeit, Fertilisation, Wunschkind, kinderwunschzentrum, babywunsch, Refertilisierung, Spermabank, fertilitycenter\" \/>\n<meta property=\"article:modified_time\" content=\"2025-03-19T11:09:41+00:00\" \/>\n<meta property=\"og:image\" content=\"https:\/\/www.kinderwunschzentrum-hamburg.de\/wp-content\/uploads\/2020\/10\/Statistik-Brosch-2.jpg\" \/>\n\t<meta property=\"og:image:width\" content=\"1080\" \/>\n\t<meta property=\"og:image:height\" content=\"1080\" \/>\n\t<meta property=\"og:image:type\" content=\"image\/jpeg\" \/>\n<meta name=\"twitter:card\" content=\"summary_large_image\" \/>\n<meta name=\"twitter:label1\" content=\"Tahmini okuma s\u00fcresi\" \/>\n\t<meta name=\"twitter:data1\" content=\"2 dakika\" \/>\n<script type=\"application\/ld+json\" class=\"yoast-schema-graph\">{\"@context\":\"https:\/\/schema.org\",\"@graph\":[{\"@type\":\"WebPage\",\"@id\":\"https:\/\/www.kinderwunschzentrum-hamburg.de\/tr\/uygulama-klinigimiz\/unsere-erfolgsraten\/\",\"url\":\"https:\/\/www.kinderwunschzentrum-hamburg.de\/tr\/uygulama-klinigimiz\/unsere-erfolgsraten\/\",\"name\":\"Ba\u015fari oranlarimiz - Kinderwunschzentrum Hamburg Fleetinsel | Hamburg, Kinderwunsch, k\u00fcnstliche Befruchtung, ICSI, Endometriose, Reproduktionsmedizin, IVF, Insemination, Kinderlosigkeit, Fertilisation, Wunschkind, kinderwunschzentrum, babywunsch, Refertilisierung, Spermabank, fertilitycenter\",\"isPartOf\":{\"@id\":\"https:\/\/www.kinderwunschzentrum-hamburg.de\/tr\/#website\"},\"primaryImageOfPage\":{\"@id\":\"https:\/\/www.kinderwunschzentrum-hamburg.de\/tr\/uygulama-klinigimiz\/unsere-erfolgsraten\/#primaryimage\"},\"image\":{\"@id\":\"https:\/\/www.kinderwunschzentrum-hamburg.de\/tr\/uygulama-klinigimiz\/unsere-erfolgsraten\/#primaryimage\"},\"thumbnailUrl\":\"https:\/\/www.kinderwunschzentrum-hamburg.de\/wp-content\/uploads\/2020\/10\/Statistik-Brosch-2-740x740.jpg\",\"datePublished\":\"2014-06-13T08:29:28+00:00\",\"dateModified\":\"2025-03-19T11:09:41+00:00\",\"breadcrumb\":{\"@id\":\"https:\/\/www.kinderwunschzentrum-hamburg.de\/tr\/uygulama-klinigimiz\/unsere-erfolgsraten\/#breadcrumb\"},\"inLanguage\":\"tr\",\"potentialAction\":[{\"@type\":\"ReadAction\",\"target\":[\"https:\/\/www.kinderwunschzentrum-hamburg.de\/tr\/uygulama-klinigimiz\/unsere-erfolgsraten\/\"]}]},{\"@type\":\"ImageObject\",\"inLanguage\":\"tr\",\"@id\":\"https:\/\/www.kinderwunschzentrum-hamburg.de\/tr\/uygulama-klinigimiz\/unsere-erfolgsraten\/#primaryimage\",\"url\":\"https:\/\/www.kinderwunschzentrum-hamburg.de\/wp-content\/uploads\/2020\/10\/Statistik-Brosch-2-740x740.jpg\",\"contentUrl\":\"https:\/\/www.kinderwunschzentrum-hamburg.de\/wp-content\/uploads\/2020\/10\/Statistik-Brosch-2-740x740.jpg\"},{\"@type\":\"BreadcrumbList\",\"@id\":\"https:\/\/www.kinderwunschzentrum-hamburg.de\/tr\/uygulama-klinigimiz\/unsere-erfolgsraten\/#breadcrumb\",\"itemListElement\":[{\"@type\":\"ListItem\",\"position\":1,\"name\":\"Startseite\",\"item\":\"https:\/\/www.kinderwunschzentrum-hamburg.de\/tr\/\"},{\"@type\":\"ListItem\",\"position\":2,\"name\":\"Uygulama klini\u011fimiz\",\"item\":\"https:\/\/www.kinderwunschzentrum-hamburg.de\/tr\/uygulama-klinigimiz\/\"},{\"@type\":\"ListItem\",\"position\":3,\"name\":\"Ba\u015fari oranlarimiz\"}]},{\"@type\":\"WebSite\",\"@id\":\"https:\/\/www.kinderwunschzentrum-hamburg.de\/tr\/#website\",\"url\":\"https:\/\/www.kinderwunschzentrum-hamburg.de\/tr\/\",\"name\":\"Kinderwunschzentrum Hamburg Fleetinsel | Hamburg, Kinderwunsch, k\u00fcnstliche Befruchtung, ICSI, Endometriose, Reproduktionsmedizin, IVF, Insemination, Kinderlosigkeit, Fertilisation, Wunschkind, kinderwunschzentrum, babywunsch, Refertilisierung, Spermabank, fertilitycenter\",\"description\":\"Eine weitere WordPress-Seite\",\"potentialAction\":[{\"@type\":\"SearchAction\",\"target\":{\"@type\":\"EntryPoint\",\"urlTemplate\":\"https:\/\/www.kinderwunschzentrum-hamburg.de\/tr\/?s={search_term_string}\"},\"query-input\":{\"@type\":\"PropertyValueSpecification\",\"valueRequired\":true,\"valueName\":\"search_term_string\"}}],\"inLanguage\":\"tr\"}]}<\/script>\n<!-- \/ Yoast SEO plugin. -->","yoast_head_json":{"title":"Ba\u015fari oranlarimiz - Kinderwunschzentrum Hamburg Fleetinsel | Hamburg, Kinderwunsch, k\u00fcnstliche Befruchtung, ICSI, Endometriose, Reproduktionsmedizin, IVF, Insemination, Kinderlosigkeit, Fertilisation, Wunschkind, kinderwunschzentrum, babywunsch, Refertilisierung, Spermabank, fertilitycenter","robots":{"index":"index","follow":"follow","max-snippet":"max-snippet:-1","max-image-preview":"max-image-preview:large","max-video-preview":"max-video-preview:-1"},"canonical":"https:\/\/www.kinderwunschzentrum-hamburg.de\/tr\/uygulama-klinigimiz\/unsere-erfolgsraten\/","og_locale":"tr_TR","og_type":"article","og_title":"Ba\u015fari oranlarimiz - Kinderwunschzentrum Hamburg Fleetinsel | Hamburg, Kinderwunsch, k\u00fcnstliche Befruchtung, ICSI, Endometriose, Reproduktionsmedizin, IVF, Insemination, Kinderlosigkeit, Fertilisation, Wunschkind, kinderwunschzentrum, babywunsch, Refertilisierung, Spermabank, fertilitycenter","og_description":"UNSER ERFOLG, IHRE CHANCE F\u00fcr Sie als Paar sind die Schwangerschaftsraten, die eine Kinderwunschpraxis erzielt, von besonderem Interesse. Wir sind stolz darauf, dass unsere Behandlungsergebnisse kontinuierlich \u00fcber den durchschnittlichen Raten in Deutschland und Europa liegen. Die Statistik gibt Ihnen die M\u00f6glichkeit, den Erfolg einer Kinderwunschpraxis zu pr\u00fcfen \u2013 und Ihre pers\u00f6nlichen Chancen auf ein Kind [&hellip;]","og_url":"https:\/\/www.kinderwunschzentrum-hamburg.de\/tr\/uygulama-klinigimiz\/unsere-erfolgsraten\/","og_site_name":"Kinderwunschzentrum Hamburg Fleetinsel | Hamburg, Kinderwunsch, k\u00fcnstliche Befruchtung, ICSI, Endometriose, Reproduktionsmedizin, IVF, Insemination, Kinderlosigkeit, Fertilisation, Wunschkind, kinderwunschzentrum, babywunsch, Refertilisierung, Spermabank, fertilitycenter","article_modified_time":"2025-03-19T11:09:41+00:00","og_image":[{"width":1080,"height":1080,"url":"https:\/\/www.kinderwunschzentrum-hamburg.de\/wp-content\/uploads\/2020\/10\/Statistik-Brosch-2.jpg","type":"image\/jpeg"}],"twitter_card":"summary_large_image","twitter_misc":{"Tahmini okuma s\u00fcresi":"2 dakika"},"schema":{"@context":"https:\/\/schema.org","@graph":[{"@type":"WebPage","@id":"https:\/\/www.kinderwunschzentrum-hamburg.de\/tr\/uygulama-klinigimiz\/unsere-erfolgsraten\/","url":"https:\/\/www.kinderwunschzentrum-hamburg.de\/tr\/uygulama-klinigimiz\/unsere-erfolgsraten\/","name":"Ba\u015fari oranlarimiz - Kinderwunschzentrum Hamburg Fleetinsel | Hamburg, Kinderwunsch, k\u00fcnstliche Befruchtung, ICSI, Endometriose, Reproduktionsmedizin, IVF, Insemination, Kinderlosigkeit, Fertilisation, Wunschkind, kinderwunschzentrum, babywunsch, Refertilisierung, Spermabank, fertilitycenter","isPartOf":{"@id":"https:\/\/www.kinderwunschzentrum-hamburg.de\/tr\/#website"},"primaryImageOfPage":{"@id":"https:\/\/www.kinderwunschzentrum-hamburg.de\/tr\/uygulama-klinigimiz\/unsere-erfolgsraten\/#primaryimage"},"image":{"@id":"https:\/\/www.kinderwunschzentrum-hamburg.de\/tr\/uygulama-klinigimiz\/unsere-erfolgsraten\/#primaryimage"},"thumbnailUrl":"https:\/\/www.kinderwunschzentrum-hamburg.de\/wp-content\/uploads\/2020\/10\/Statistik-Brosch-2-740x740.jpg","datePublished":"2014-06-13T08:29:28+00:00","dateModified":"2025-03-19T11:09:41+00:00","breadcrumb":{"@id":"https:\/\/www.kinderwunschzentrum-hamburg.de\/tr\/uygulama-klinigimiz\/unsere-erfolgsraten\/#breadcrumb"},"inLanguage":"tr","potentialAction":[{"@type":"ReadAction","target":["https:\/\/www.kinderwunschzentrum-hamburg.de\/tr\/uygulama-klinigimiz\/unsere-erfolgsraten\/"]}]},{"@type":"ImageObject","inLanguage":"tr","@id":"https:\/\/www.kinderwunschzentrum-hamburg.de\/tr\/uygulama-klinigimiz\/unsere-erfolgsraten\/#primaryimage","url":"https:\/\/www.kinderwunschzentrum-hamburg.de\/wp-content\/uploads\/2020\/10\/Statistik-Brosch-2-740x740.jpg","contentUrl":"https:\/\/www.kinderwunschzentrum-hamburg.de\/wp-content\/uploads\/2020\/10\/Statistik-Brosch-2-740x740.jpg"},{"@type":"BreadcrumbList","@id":"https:\/\/www.kinderwunschzentrum-hamburg.de\/tr\/uygulama-klinigimiz\/unsere-erfolgsraten\/#breadcrumb","itemListElement":[{"@type":"ListItem","position":1,"name":"Startseite","item":"https:\/\/www.kinderwunschzentrum-hamburg.de\/tr\/"},{"@type":"ListItem","position":2,"name":"Uygulama klini\u011fimiz","item":"https:\/\/www.kinderwunschzentrum-hamburg.de\/tr\/uygulama-klinigimiz\/"},{"@type":"ListItem","position":3,"name":"Ba\u015fari oranlarimiz"}]},{"@type":"WebSite","@id":"https:\/\/www.kinderwunschzentrum-hamburg.de\/tr\/#website","url":"https:\/\/www.kinderwunschzentrum-hamburg.de\/tr\/","name":"Kinderwunschzentrum Hamburg Fleetinsel | Hamburg, Kinderwunsch, k\u00fcnstliche Befruchtung, ICSI, Endometriose, Reproduktionsmedizin, IVF, Insemination, Kinderlosigkeit, Fertilisation, Wunschkind, kinderwunschzentrum, babywunsch, Refertilisierung, Spermabank, fertilitycenter","description":"Eine weitere WordPress-Seite","potentialAction":[{"@type":"SearchAction","target":{"@type":"EntryPoint","urlTemplate":"https:\/\/www.kinderwunschzentrum-hamburg.de\/tr\/?s={search_term_string}"},"query-input":{"@type":"PropertyValueSpecification","valueRequired":true,"valueName":"search_term_string"}}],"inLanguage":"tr"}]}},"_links":{"self":[{"href":"https:\/\/www.kinderwunschzentrum-hamburg.de\/tr\/wp-json\/wp\/v2\/pages\/6273","targetHints":{"allow":["GET"]}}],"collection":[{"href":"https:\/\/www.kinderwunschzentrum-hamburg.de\/tr\/wp-json\/wp\/v2\/pages"}],"about":[{"href":"https:\/\/www.kinderwunschzentrum-hamburg.de\/tr\/wp-json\/wp\/v2\/types\/page"}],"author":[{"embeddable":true,"href":"https:\/\/www.kinderwunschzentrum-hamburg.de\/tr\/wp-json\/wp\/v2\/users\/9"}],"replies":[{"embeddable":true,"href":"https:\/\/www.kinderwunschzentrum-hamburg.de\/tr\/wp-json\/wp\/v2\/comments?post=6273"}],"version-history":[{"count":2,"href":"https:\/\/www.kinderwunschzentrum-hamburg.de\/tr\/wp-json\/wp\/v2\/pages\/6273\/revisions"}],"predecessor-version":[{"id":6736,"href":"https:\/\/www.kinderwunschzentrum-hamburg.de\/tr\/wp-json\/wp\/v2\/pages\/6273\/revisions\/6736"}],"up":[{"embeddable":true,"href":"https:\/\/www.kinderwunschzentrum-hamburg.de\/tr\/wp-json\/wp\/v2\/pages\/6503"}],"wp:attachment":[{"href":"https:\/\/www.kinderwunschzentrum-hamburg.de\/tr\/wp-json\/wp\/v2\/media?parent=6273"}],"curies":[{"name":"wp","href":"https:\/\/api.w.org\/{rel}","templated":true}]}}