{"id":6463,"date":"2014-06-26T13:22:53","date_gmt":"2014-06-26T11:22:53","guid":{"rendered":"https:\/\/www.kinderwunschzentrum-hamburg.de\/?page_id=6463"},"modified":"2025-03-19T12:31:10","modified_gmt":"2025-03-19T10:31:10","slug":"test-biyopsisi-ve-tez","status":"publish","type":"page","link":"https:\/\/www.kinderwunschzentrum-hamburg.de\/tr\/ihr-kinderwunsch-kinderpraxisklinik-fleetinsel-hamburg\/wege-zum-wunschkind\/therapie\/test-biyopsisi-ve-tez\/","title":{"rendered":"Test biyopsisi ve tez"},"content":{"rendered":"","protected":false},"excerpt":{"rendered":"","protected":false},"author":5,"featured_media":0,"parent":6262,"menu_order":0,"comment_status":"open","ping_status":"open","template":"","meta":{"_acf_changed":false,"inline_featured_image":false,"footnotes":""},"class_list":["post-6463","page","type-page","status-publish","hentry"],"acf":[],"yoast_head":"<!-- This site is optimized with the Yoast SEO plugin v24.0 - https:\/\/yoast.com\/wordpress\/plugins\/seo\/ -->\n<title>Test biyopsisi ve tez - Kinderwunschzentrum Hamburg Fleetinsel | Hamburg, Kinderwunsch, k\u00fcnstliche Befruchtung, ICSI, Endometriose, Reproduktionsmedizin, IVF, Insemination, Kinderlosigkeit, Fertilisation, Wunschkind, kinderwunschzentrum, babywunsch, Refertilisierung, Spermabank, fertilitycenter<\/title>\n<meta name=\"robots\" content=\"index, follow, max-snippet:-1, max-image-preview:large, max-video-preview:-1\" \/>\n<link rel=\"canonical\" href=\"https:\/\/www.kinderwunschzentrum-hamburg.de\/tr\/ihr-kinderwunsch-kinderpraxisklinik-fleetinsel-hamburg\/wege-zum-wunschkind\/therapie\/test-biyopsisi-ve-tez\/\" \/>\n<meta property=\"og:locale\" content=\"tr_TR\" \/>\n<meta property=\"og:type\" content=\"article\" \/>\n<meta property=\"og:title\" content=\"Test biyopsisi ve tez - Kinderwunschzentrum Hamburg Fleetinsel | Hamburg, Kinderwunsch, k\u00fcnstliche Befruchtung, ICSI, Endometriose, Reproduktionsmedizin, IVF, Insemination, Kinderlosigkeit, Fertilisation, Wunschkind, kinderwunschzentrum, babywunsch, Refertilisierung, Spermabank, fertilitycenter\" \/>\n<meta property=\"og:url\" content=\"https:\/\/www.kinderwunschzentrum-hamburg.de\/tr\/ihr-kinderwunsch-kinderpraxisklinik-fleetinsel-hamburg\/wege-zum-wunschkind\/therapie\/test-biyopsisi-ve-tez\/\" \/>\n<meta property=\"og:site_name\" content=\"Kinderwunschzentrum Hamburg Fleetinsel | Hamburg, Kinderwunsch, k\u00fcnstliche Befruchtung, ICSI, Endometriose, Reproduktionsmedizin, IVF, Insemination, Kinderlosigkeit, Fertilisation, Wunschkind, kinderwunschzentrum, babywunsch, Refertilisierung, Spermabank, fertilitycenter\" \/>\n<meta property=\"article:modified_time\" content=\"2025-03-19T10:31:10+00:00\" \/>\n<meta name=\"twitter:card\" content=\"summary_large_image\" \/>\n<script type=\"application\/ld+json\" class=\"yoast-schema-graph\">{\"@context\":\"https:\/\/schema.org\",\"@graph\":[{\"@type\":\"WebPage\",\"@id\":\"https:\/\/www.kinderwunschzentrum-hamburg.de\/tr\/ihr-kinderwunsch-kinderpraxisklinik-fleetinsel-hamburg\/wege-zum-wunschkind\/therapie\/test-biyopsisi-ve-tez\/\",\"url\":\"https:\/\/www.kinderwunschzentrum-hamburg.de\/tr\/ihr-kinderwunsch-kinderpraxisklinik-fleetinsel-hamburg\/wege-zum-wunschkind\/therapie\/test-biyopsisi-ve-tez\/\",\"name\":\"Test biyopsisi ve tez - Kinderwunschzentrum Hamburg Fleetinsel | Hamburg, Kinderwunsch, k\u00fcnstliche Befruchtung, ICSI, Endometriose, Reproduktionsmedizin, IVF, Insemination, Kinderlosigkeit, Fertilisation, Wunschkind, kinderwunschzentrum, babywunsch, Refertilisierung, Spermabank, fertilitycenter\",\"isPartOf\":{\"@id\":\"https:\/\/www.kinderwunschzentrum-hamburg.de\/tr\/#website\"},\"datePublished\":\"2014-06-26T11:22:53+00:00\",\"dateModified\":\"2025-03-19T10:31:10+00:00\",\"breadcrumb\":{\"@id\":\"https:\/\/www.kinderwunschzentrum-hamburg.de\/tr\/ihr-kinderwunsch-kinderpraxisklinik-fleetinsel-hamburg\/wege-zum-wunschkind\/therapie\/test-biyopsisi-ve-tez\/#breadcrumb\"},\"inLanguage\":\"tr\",\"potentialAction\":[{\"@type\":\"ReadAction\",\"target\":[\"https:\/\/www.kinderwunschzentrum-hamburg.de\/tr\/ihr-kinderwunsch-kinderpraxisklinik-fleetinsel-hamburg\/wege-zum-wunschkind\/therapie\/test-biyopsisi-ve-tez\/\"]}]},{\"@type\":\"BreadcrumbList\",\"@id\":\"https:\/\/www.kinderwunschzentrum-hamburg.de\/tr\/ihr-kinderwunsch-kinderpraxisklinik-fleetinsel-hamburg\/wege-zum-wunschkind\/therapie\/test-biyopsisi-ve-tez\/#breadcrumb\",\"itemListElement\":[{\"@type\":\"ListItem\",\"position\":1,\"name\":\"Startseite\",\"item\":\"https:\/\/www.kinderwunschzentrum-hamburg.de\/tr\/\"},{\"@type\":\"ListItem\",\"position\":2,\"name\":\"\u00c7ocuk sahibi olma arzunuz\",\"item\":\"https:\/\/www.kinderwunschzentrum-hamburg.de\/tr\/ihr-kinderwunsch-kinderpraxisklinik-fleetinsel-hamburg\/\"},{\"@type\":\"ListItem\",\"position\":3,\"name\":\"\u0130stedi\u011finiz \u00e7ocu\u011fa giden yollar\",\"item\":\"https:\/\/www.kinderwunschzentrum-hamburg.de\/tr\/ihr-kinderwunsch-kinderpraxisklinik-fleetinsel-hamburg\/wege-zum-wunschkind\/\"},{\"@type\":\"ListItem\",\"position\":4,\"name\":\"Terapi\",\"item\":\"https:\/\/www.kinderwunschzentrum-hamburg.de\/tr\/ihr-kinderwunsch-kinderpraxisklinik-fleetinsel-hamburg\/wege-zum-wunschkind\/therapie\/\"},{\"@type\":\"ListItem\",\"position\":5,\"name\":\"Test biyopsisi ve tez\"}]},{\"@type\":\"WebSite\",\"@id\":\"https:\/\/www.kinderwunschzentrum-hamburg.de\/tr\/#website\",\"url\":\"https:\/\/www.kinderwunschzentrum-hamburg.de\/tr\/\",\"name\":\"Kinderwunschzentrum Hamburg Fleetinsel | Hamburg, Kinderwunsch, k\u00fcnstliche Befruchtung, ICSI, Endometriose, Reproduktionsmedizin, IVF, Insemination, Kinderlosigkeit, Fertilisation, Wunschkind, kinderwunschzentrum, babywunsch, Refertilisierung, Spermabank, fertilitycenter\",\"description\":\"Eine weitere WordPress-Seite\",\"potentialAction\":[{\"@type\":\"SearchAction\",\"target\":{\"@type\":\"EntryPoint\",\"urlTemplate\":\"https:\/\/www.kinderwunschzentrum-hamburg.de\/tr\/?s={search_term_string}\"},\"query-input\":{\"@type\":\"PropertyValueSpecification\",\"valueRequired\":true,\"valueName\":\"search_term_string\"}}],\"inLanguage\":\"tr\"}]}<\/script>\n<!-- \/ Yoast SEO plugin. -->","yoast_head_json":{"title":"Test biyopsisi ve tez - Kinderwunschzentrum Hamburg Fleetinsel | Hamburg, Kinderwunsch, k\u00fcnstliche Befruchtung, ICSI, Endometriose, Reproduktionsmedizin, IVF, Insemination, Kinderlosigkeit, Fertilisation, Wunschkind, kinderwunschzentrum, babywunsch, Refertilisierung, Spermabank, fertilitycenter","robots":{"index":"index","follow":"follow","max-snippet":"max-snippet:-1","max-image-preview":"max-image-preview:large","max-video-preview":"max-video-preview:-1"},"canonical":"https:\/\/www.kinderwunschzentrum-hamburg.de\/tr\/ihr-kinderwunsch-kinderpraxisklinik-fleetinsel-hamburg\/wege-zum-wunschkind\/therapie\/test-biyopsisi-ve-tez\/","og_locale":"tr_TR","og_type":"article","og_title":"Test biyopsisi ve tez - Kinderwunschzentrum Hamburg Fleetinsel | Hamburg, Kinderwunsch, k\u00fcnstliche Befruchtung, ICSI, Endometriose, Reproduktionsmedizin, IVF, Insemination, Kinderlosigkeit, Fertilisation, Wunschkind, kinderwunschzentrum, babywunsch, Refertilisierung, Spermabank, fertilitycenter","og_url":"https:\/\/www.kinderwunschzentrum-hamburg.de\/tr\/ihr-kinderwunsch-kinderpraxisklinik-fleetinsel-hamburg\/wege-zum-wunschkind\/therapie\/test-biyopsisi-ve-tez\/","og_site_name":"Kinderwunschzentrum Hamburg Fleetinsel | Hamburg, Kinderwunsch, k\u00fcnstliche Befruchtung, ICSI, Endometriose, Reproduktionsmedizin, IVF, Insemination, Kinderlosigkeit, Fertilisation, Wunschkind, kinderwunschzentrum, babywunsch, Refertilisierung, Spermabank, fertilitycenter","article_modified_time":"2025-03-19T10:31:10+00:00","twitter_card":"summary_large_image","schema":{"@context":"https:\/\/schema.org","@graph":[{"@type":"WebPage","@id":"https:\/\/www.kinderwunschzentrum-hamburg.de\/tr\/ihr-kinderwunsch-kinderpraxisklinik-fleetinsel-hamburg\/wege-zum-wunschkind\/therapie\/test-biyopsisi-ve-tez\/","url":"https:\/\/www.kinderwunschzentrum-hamburg.de\/tr\/ihr-kinderwunsch-kinderpraxisklinik-fleetinsel-hamburg\/wege-zum-wunschkind\/therapie\/test-biyopsisi-ve-tez\/","name":"Test biyopsisi ve tez - Kinderwunschzentrum Hamburg Fleetinsel | Hamburg, Kinderwunsch, k\u00fcnstliche Befruchtung, ICSI, Endometriose, Reproduktionsmedizin, IVF, Insemination, Kinderlosigkeit, Fertilisation, Wunschkind, kinderwunschzentrum, babywunsch, Refertilisierung, Spermabank, fertilitycenter","isPartOf":{"@id":"https:\/\/www.kinderwunschzentrum-hamburg.de\/tr\/#website"},"datePublished":"2014-06-26T11:22:53+00:00","dateModified":"2025-03-19T10:31:10+00:00","breadcrumb":{"@id":"https:\/\/www.kinderwunschzentrum-hamburg.de\/tr\/ihr-kinderwunsch-kinderpraxisklinik-fleetinsel-hamburg\/wege-zum-wunschkind\/therapie\/test-biyopsisi-ve-tez\/#breadcrumb"},"inLanguage":"tr","potentialAction":[{"@type":"ReadAction","target":["https:\/\/www.kinderwunschzentrum-hamburg.de\/tr\/ihr-kinderwunsch-kinderpraxisklinik-fleetinsel-hamburg\/wege-zum-wunschkind\/therapie\/test-biyopsisi-ve-tez\/"]}]},{"@type":"BreadcrumbList","@id":"https:\/\/www.kinderwunschzentrum-hamburg.de\/tr\/ihr-kinderwunsch-kinderpraxisklinik-fleetinsel-hamburg\/wege-zum-wunschkind\/therapie\/test-biyopsisi-ve-tez\/#breadcrumb","itemListElement":[{"@type":"ListItem","position":1,"name":"Startseite","item":"https:\/\/www.kinderwunschzentrum-hamburg.de\/tr\/"},{"@type":"ListItem","position":2,"name":"\u00c7ocuk sahibi olma arzunuz","item":"https:\/\/www.kinderwunschzentrum-hamburg.de\/tr\/ihr-kinderwunsch-kinderpraxisklinik-fleetinsel-hamburg\/"},{"@type":"ListItem","position":3,"name":"\u0130stedi\u011finiz \u00e7ocu\u011fa giden yollar","item":"https:\/\/www.kinderwunschzentrum-hamburg.de\/tr\/ihr-kinderwunsch-kinderpraxisklinik-fleetinsel-hamburg\/wege-zum-wunschkind\/"},{"@type":"ListItem","position":4,"name":"Terapi","item":"https:\/\/www.kinderwunschzentrum-hamburg.de\/tr\/ihr-kinderwunsch-kinderpraxisklinik-fleetinsel-hamburg\/wege-zum-wunschkind\/therapie\/"},{"@type":"ListItem","position":5,"name":"Test biyopsisi ve tez"}]},{"@type":"WebSite","@id":"https:\/\/www.kinderwunschzentrum-hamburg.de\/tr\/#website","url":"https:\/\/www.kinderwunschzentrum-hamburg.de\/tr\/","name":"Kinderwunschzentrum Hamburg Fleetinsel | Hamburg, Kinderwunsch, k\u00fcnstliche Befruchtung, ICSI, Endometriose, Reproduktionsmedizin, IVF, Insemination, Kinderlosigkeit, Fertilisation, Wunschkind, kinderwunschzentrum, babywunsch, Refertilisierung, Spermabank, fertilitycenter","description":"Eine weitere WordPress-Seite","potentialAction":[{"@type":"SearchAction","target":{"@type":"EntryPoint","urlTemplate":"https:\/\/www.kinderwunschzentrum-hamburg.de\/tr\/?s={search_term_string}"},"query-input":{"@type":"PropertyValueSpecification","valueRequired":true,"valueName":"search_term_string"}}],"inLanguage":"tr"}]}},"_links":{"self":[{"href":"https:\/\/www.kinderwunschzentrum-hamburg.de\/tr\/wp-json\/wp\/v2\/pages\/6463","targetHints":{"allow":["GET"]}}],"collection":[{"href":"https:\/\/www.kinderwunschzentrum-hamburg.de\/tr\/wp-json\/wp\/v2\/pages"}],"about":[{"href":"https:\/\/www.kinderwunschzentrum-hamburg.de\/tr\/wp-json\/wp\/v2\/types\/page"}],"author":[{"embeddable":true,"href":"https:\/\/www.kinderwunschzentrum-hamburg.de\/tr\/wp-json\/wp\/v2\/users\/5"}],"replies":[{"embeddable":true,"href":"https:\/\/www.kinderwunschzentrum-hamburg.de\/tr\/wp-json\/wp\/v2\/comments?post=6463"}],"version-history":[{"count":2,"href":"https:\/\/www.kinderwunschzentrum-hamburg.de\/tr\/wp-json\/wp\/v2\/pages\/6463\/revisions"}],"predecessor-version":[{"id":6711,"href":"https:\/\/www.kinderwunschzentrum-hamburg.de\/tr\/wp-json\/wp\/v2\/pages\/6463\/revisions\/6711"}],"up":[{"embeddable":true,"href":"https:\/\/www.kinderwunschzentrum-hamburg.de\/tr\/wp-json\/wp\/v2\/pages\/6262"}],"wp:attachment":[{"href":"https:\/\/www.kinderwunschzentrum-hamburg.de\/tr\/wp-json\/wp\/v2\/media?parent=6463"}],"curies":[{"name":"wp","href":"https:\/\/api.w.org\/{rel}","templated":true}]}}